{"id":728,"date":"2019-03-29T15:59:55","date_gmt":"2019-03-29T14:59:55","guid":{"rendered":"https:\/\/www.prienavera.de\/?page_id=728"},"modified":"2024-03-05T14:11:21","modified_gmt":"2024-03-05T13:11:21","slug":"gastronomie","status":"publish","type":"page","link":"https:\/\/www.prienavera.de\/de\/gastronomie\/","title":{"rendered":"Gastronomie"},"content":{"rendered":"<p>[vc_row][vc_column]\n    <div class=\"swiper-container\">\n        <div class=\"swiper-wrapper\">    <div class=\"swiper-slide\">\n        <div class=\"gradient-overlay--dark-gray\"><\/div>\n        <img decoding=\"async\" src=\"https:\/\/www.prienavera.de\/wp-content\/uploads\/2019\/04\/gastronomie-prienavera.jpg\" srcset=\"https:\/\/www.prienavera.de\/wp-content\/uploads\/2019\/04\/gastronomie-prienavera.jpg 1760w, https:\/\/www.prienavera.de\/wp-content\/uploads\/2019\/04\/gastronomie-prienavera-300x136.jpg 300w, https:\/\/www.prienavera.de\/wp-content\/uploads\/2019\/04\/gastronomie-prienavera-768x349.jpg 768w, https:\/\/www.prienavera.de\/wp-content\/uploads\/2019\/04\/gastronomie-prienavera-1024x465.jpg 1024w,https:\/\/www.prienavera.de\/wp-content\/uploads\/2019\/04\/gastronomie-prienavera.jpg 1760w, https:\/\/www.prienavera.de\/wp-content\/uploads\/2019\/04\/gastronomie-prienavera-300x136.jpg 300w, https:\/\/www.prienavera.de\/wp-content\/uploads\/2019\/04\/gastronomie-prienavera-768x349.jpg 768w, https:\/\/www.prienavera.de\/wp-content\/uploads\/2019\/04\/gastronomie-prienavera-1024x465.jpg 1024w,https:\/\/www.prienavera.de\/wp-content\/uploads\/2019\/04\/gastronomie-prienavera.jpg 1760w, https:\/\/www.prienavera.de\/wp-content\/uploads\/2019\/04\/gastronomie-prienavera-300x136.jpg 300w, https:\/\/www.prienavera.de\/wp-content\/uploads\/2019\/04\/gastronomie-prienavera-768x349.jpg 768w, https:\/\/www.prienavera.de\/wp-content\/uploads\/2019\/04\/gastronomie-prienavera-1024x465.jpg 1024w\"\n                                    sizes=\"(max-width: 320px) 280px,\n                                           (max-width: 800px) 440px,\n                                           1600px\"\n                                    src=\"https:\/\/www.prienavera.de\/wp-content\/uploads\/2019\/04\/gastronomie-prienavera.jpg 1760w, https:\/\/www.prienavera.de\/wp-content\/uploads\/2019\/04\/gastronomie-prienavera-300x136.jpg 300w, https:\/\/www.prienavera.de\/wp-content\/uploads\/2019\/04\/gastronomie-prienavera-768x349.jpg 768w, https:\/\/www.prienavera.de\/wp-content\/uploads\/2019\/04\/gastronomie-prienavera-1024x465.jpg 1024w\" class=\"swiper-slide__image\" alt=\"\">\n        \n        <div class=\"swiper-slide__container\">\n            <h1 class=\"swiper-slide__title color-overlay--white\">Kulinarischer Genuss mit Aussicht<\/h1>        <\/div>\n    <\/div>        <\/div>    <\/div>[\/vc_column][\/vc_row][vc_row][vc_column]    <div class=\"textblock\">\n    <\/div>[\/vc_column][\/vc_row][vc_row][vc_column]    <div class=\"textblock\"><\/p>\n<h1><span style=\"color: #003889;\">Gastronomie<\/span><\/h1>\n<p>Da wir Sie im PRIENAVERA Erlebnisbad komplett verw\u00f6hnen wollen, geh\u00f6ren kulinarische Leckereien unbedingt zum Gesamtpaket. G\u00f6nnen Sie sich im Sommer ein erfrischendes Eis oder einen knackigen Salat von der abwechslungsreichen Speisekarte im <strong>PRIENAVERA Bistro<\/strong>. Im Sommer genie\u00dfen Besucher die Leckereien auch auf der <strong>Seeterrasse<\/strong> oder im <strong>Strandbadpavillon<\/strong> mit Aussicht auf das \u201eBayerische Meer\u201c.<\/p>\n<p>&nbsp;<\/p>\n<p><strong>\u00d6ffnungszeiten\u00a0<\/strong><\/p>\n<p>12:00 &#8211; 21:00 Uhr<\/p>\n<p>Warme K\u00fcche bis 20 Uhr\n    <\/div>[\/vc_column][\/vc_row][vc_row][vc_column]    <div class=\"textblock\"><\/p>\n<h2>Bl\u00e4ttern Sie in unserer Bistro Speisekarte:<\/h2>\n<p>\n    <\/div>[\/vc_column][\/vc_row][vc_row][vc_column][vc_column_text]<div class=\"_df_book df-lite\" id=\"df_2562\"  _slug=\"gastronomie-speisekarte\" data-title=\"gastronomie-speisekarte\" wpoptions=\"true\" thumbtype=\"\" ><\/div><script class=\"df-shortcode-script\" nowprocket type=\"application\/javascript\">window.option_df_2562 = {\"outline\":[],\"autoEnableOutline\":\"false\",\"autoEnableThumbnail\":\"false\",\"overwritePDFOutline\":\"false\",\"direction\":\"1\",\"pageSize\":\"0\",\"soundEnable\":\"false\",\"source\":\"https:\\\/\\\/www.prienavera.de\\\/wp-content\\\/uploads\\\/2024\\\/02\\\/2024-02-23-speisekarte-prienavera.pdf\",\"wpOptions\":\"true\"}; if(window.DFLIP && window.DFLIP.parseBooks){window.DFLIP.parseBooks();}<\/script><\/p>\n<p>[\/vc_column_text][\/vc_column][\/vc_row]<\/p>\n","protected":false},"excerpt":{"rendered":"<p>[vc_row][vc_column][\/vc_column][\/vc_row][vc_row][vc_column][\/vc_column][\/vc_row][vc_row][vc_column][\/vc_column][\/vc_row][vc_row][vc_column][\/vc_column][\/vc_row][vc_row][vc_column][vc_column_text] [\/vc_column_text][\/vc_column][\/vc_row]<\/p>\n","protected":false},"author":4,"featured_media":0,"parent":0,"menu_order":0,"comment_status":"closed","ping_status":"closed","template":"","meta":{"footnotes":""},"class_list":["post-728","page","type-page","status-publish","hentry"],"_links":{"self":[{"href":"https:\/\/www.prienavera.de\/de\/wp-json\/wp\/v2\/pages\/728\/"}],"collection":[{"href":"https:\/\/www.prienavera.de\/de\/wp-json\/wp\/v2\/pages\/"}],"about":[{"href":"https:\/\/www.prienavera.de\/de\/wp-json\/wp\/v2\/types\/page\/"}],"author":[{"embeddable":true,"href":"https:\/\/www.prienavera.de\/de\/wp-json\/wp\/v2\/users\/4\/"}],"replies":[{"embeddable":true,"href":"https:\/\/www.prienavera.de\/de\/wp-json\/wp\/v2\/comments\/?post=728"}],"version-history":[{"count":61,"href":"https:\/\/www.prienavera.de\/de\/wp-json\/wp\/v2\/pages\/728\/revisions\/"}],"predecessor-version":[{"id":2893,"href":"https:\/\/www.prienavera.de\/de\/wp-json\/wp\/v2\/pages\/728\/revisions\/2893\/"}],"wp:attachment":[{"href":"https:\/\/www.prienavera.de\/de\/wp-json\/wp\/v2\/media\/?parent=728"}],"curies":[{"name":"wp","href":"https:\/\/api.w.org\/{rel}","templated":true}]}}