{"id":56,"date":"2019-03-08T14:32:26","date_gmt":"2019-03-08T13:32:26","guid":{"rendered":"https:\/\/www.prienavera.de\/?page_id=56"},"modified":"2026-03-27T07:39:12","modified_gmt":"2026-03-27T06:39:12","slug":"jobs","status":"publish","type":"page","link":"https:\/\/www.prienavera.de\/de\/jobs\/","title":{"rendered":"Jobs"},"content":{"rendered":"<p>[vc_row][vc_column][vc_row_inner][vc_column_inner][\/vc_column_inner][\/vc_row_inner]    <div class=\"textblock\"><\/p>\n<h1 style=\"text-align: center;\"><span style=\"color: #003889;\">Jobs<\/span><\/h1>\n<p>\n    <\/div>[\/vc_column][\/vc_row][vc_row][vc_column]    <div class=\"textblock\">Die Chiemsee Marina GmbH als 100%ige Tochter der Marktgemeinde Prien am Chiemsee ist mit dem Betrieb des PRIENAVERA Erlebnisbades und dem Betrieb des Sportboothafens Stippelwerft beauftragt.<\/p>\n<p>Mit dem PRIENAVERA Erlebnisbad stellen wir unseren Kunden ein freundliches, lichtdurchflutetes Erlebnisbad in einzigartiger Lage direkt am Chiemsee Ufer zur Verf\u00fcgung.<\/p>\n<p>Unsere moderne Marina der Sportboothafen Stippelwerft, ist einer der gr\u00f6\u00dften H\u00e4fen am Chiemsee.<\/p>\n<p><strong>Ihre Vorteile bei uns:<\/strong><\/p>\n<ul>\n<li>faire und leistungsgerechte Verg\u00fctung<\/li>\n<li>30 Urlaubstage pro Jahr<\/li>\n<li>Beteiligung an Fahrtkosten<\/li>\n<li>Planbare Arbeitszeiten durch monatlichen Dienstplan<\/li>\n<li>die Mitarbeit in einem motivierten Team<\/li>\n<li>individuelle Einarbeitung<\/li>\n<li>betriebliche Altersvorsorge<\/li>\n<li>Ideale Verkehrsanbindung durch Zug-und Autobahnn\u00e4he<\/li>\n<li>Nutzung von hauseigenen Bade- und Saunaangeboten<\/li>\n<li>Beteiligung an diversen Fitness- und Freizeitangeboten \u00fcber Partnerunternehmen<\/li>\n<li>Beteiligung an Fahrrad-Leasing \u00fcber Partnerunternehmen<\/li>\n<li>einen Arbeitsplatz mit einzigartiger Lage direkt am Chiemsee-Ufer<\/li>\n<\/ul>\n<p>\n    <\/div>[\/vc_column][\/vc_row][vc_row disable_element=&#8220;yes&#8220;][vc_column css=&#8220;.vc_custom_1664370086523{background-color: #c4e7fb !important;}&#8220;]    <div class=\"textblock\"><\/p>\n<h2><strong>Kaufmann\/-frau f\u00fcr B\u00fcromanagement (m\/w\/d)<\/strong> in Vollzeit<\/h2>\n<h4>ab sofort<\/h4>\n<p><strong style=\"font-size: 16px;\">Ihre T\u00e4tigkeiten umfassen:<\/strong><\/p>\n<ul>\n<li>Unterst\u00fctzung der Gesch\u00e4ftsf\u00fchrung in allen organisatorischen und administrativen Aufgaben<\/li>\n<li>Interne Schnittstelle zwischen Gesch\u00e4ftsf\u00fchrer und Mitarbeitern<\/li>\n<li>Organisation interner Prozesse und B\u00fcroabl\u00e4ufe<\/li>\n<li>Telefonische und schriftliche Korrespondenzen<\/li>\n<li>Vorbereitung und Organisation von Meetings<\/li>\n<li>Termin- und Reisemanagement<\/li>\n<li>Durchf\u00fchrung von Sonderprojekten<\/li>\n<\/ul>\n<p><strong>Ihr Profil:<\/strong><\/p>\n<ul>\n<li>Abgeschlossene kaufm\u00e4nnische Ausbildung<\/li>\n<li>sehr gute Kenntnisse mit MS-Office-Programmen (Word, Excel, Powerpoint, Outlook)<\/li>\n<li>Sie zeichnen sich ebenfalls durch die F\u00e4higkeit aus, den \u00dcberblick zu behalten<\/li>\n<li>schnelle Auffassungsgabe, gewissenhafte und strukturierte Arbeitsweise, Eigeninitiative sowie Flexibilit\u00e4t<\/li>\n<li>Selbst\u00e4ndige, verantwortungsbewusste und zielorientierte Arbeitsweise<\/li>\n<li>Flexibilit\u00e4t, Einsatzbereitschaft und Teamf\u00e4higkeit<\/li>\n<\/ul>\n<p>\n    <\/div>[\/vc_column][\/vc_row][vc_row][vc_column css=&#8220;.vc_custom_1747832177339{background-color: #c4e7fb !important;}&#8220;]    <div class=\"textblock\"><\/p>\n<h2>Fachangestellter f\u00fcr B\u00e4derbetriebe (m\/w\/d) in Vollzeit\/Teilzeit<\/h2>\n<h4>ab sofort<\/h4>\n<p><strong>Ihre T\u00e4tigkeiten umfassen:<\/strong><\/p>\n<ul>\n<li>\u00dcberwachung des Bade- und Saunabetriebes<\/li>\n<li>Betreuung unserer G\u00e4ste<\/li>\n<li>Umsetzung der Haus- und Badeordnung<\/li>\n<li>Durchf\u00fchrung von Erste-Hilfe-Ma\u00dfnahmen im Ernstfall<\/li>\n<li>Durchf\u00fchrung von Reinigungsarbeiten<\/li>\n<\/ul>\n<p><strong>Ihr Profil:<\/strong><\/p>\n<ul>\n<li>Freude am Umgang mit Menschen<\/li>\n<li>Kommunikationsf\u00e4higkeit und Durchsetzungsverm\u00f6gen<\/li>\n<li>Aufmerksamkeit und hohe Beobachtungsgabe<\/li>\n<li>Selbstst\u00e4ndige, strukturierte und flexible Arbeitsweise<\/li>\n<\/ul>\n<p><strong>Ihre Qualifikation:<\/strong><\/p>\n<ul>\n<li>Meister f\u00fcr B\u00e4derbetriebe<\/li>\n<li>Fachangestellter f\u00fcr B\u00e4derbetriebe<\/li>\n<\/ul>\n<p>\n    <\/div>[\/vc_column][\/vc_row][vc_row disable_element=&#8220;yes&#8220;][vc_column css=&#8220;.vc_custom_1712817730209{background-color: #c4e7fb !important;}&#8220;]    <div class=\"textblock\"><\/p>\n<h2><strong>Reinigungskraft (m\/w\/d) <\/strong>in Voll- oder Teilzeit<\/h2>\n<h4>ab sofort<\/h4>\n<p><strong>Ihre T\u00e4tigkeiten umfassen:<\/strong><\/p>\n<ul>\n<li>Durchf\u00fchrung von Reinigungsarbeiten im PRIENAVERA Erlebnisbad mit Sauna und Strandbad<\/li>\n<li>Einsatz von Reinigungsmaschine und Reinigungs- bzw. Desinfektionsmittel<\/li>\n<li>Anwendung verschiedener Reinigungstechniken<\/li>\n<\/ul>\n<p><strong>Ihr Profil:<\/strong><\/p>\n<ul>\n<li>selbstst\u00e4ndige und flexible Arbeitsweise<\/li>\n<li>Deutschkenntnisse und Kommunikationsst\u00e4rke<\/li>\n<li>Einsatzfreude und Teamf\u00e4higkeit<\/li>\n<li>idealerweise erste Erfahrungen im Reinigungsbereich<\/li>\n<\/ul>\n<p>\n    <\/div>[\/vc_column][\/vc_row][vc_row disable_element=&#8220;yes&#8220;][vc_column]    <div class=\"textblock\"><\/p>\n<h2>Rezeptionskraft (m\/w\/d) in Teilzeit<\/h2>\n<h4>ab sofort<\/h4>\n<p><strong>\u00a0Ihre T\u00e4tigkeiten umfassen:<\/strong><\/p>\n<ul>\n<li>den aktiven Verkauf der Produkte des Erlebnisbades<\/li>\n<li>Check-in und Check-out der G\u00e4ste mit Kassenverantwortung an der computergest\u00fctzten Kassenanlage<\/li>\n<li>die G\u00e4stebetreuung an der Rezeption<\/li>\n<li>die Mitwirkung bei Veranstaltungen<\/li>\n<li>Schicht, Wochenend- und Feiertagsdienst<\/li>\n<\/ul>\n<p><strong>Ihr Profil:<\/strong><\/p>\n<ul>\n<li>Abgeschlossene Berufsausbildung<\/li>\n<li>Berufserfahrung an Kasse, Empfang oder Rezeption w\u00fcnschenswert<\/li>\n<li>Kenntnisse in MS-Office Programmen<\/li>\n<li>Teamf\u00e4higkeit und Aufgeschlossenheit<\/li>\n<\/ul>\n<p>\n    <\/div>[\/vc_column][\/vc_row][vc_row][vc_column]    <div class=\"textblock\"><\/p>\n<h2><strong>Ausbildung (m\/w\/d) zum Fachangestellten f\u00fcr B\u00e4derbetriebe<\/strong><\/h2>\n<h4>Ausbildungsstart: 01.09.2026<\/h4>\n<p><strong>Was du in deiner Ausbildung lernst<\/strong><\/p>\n<ul>\n<li>Beaufsichtigung und \u00dcberwachung des sicheren Badebetriebes<\/li>\n<li>Besucherbetreuung<\/li>\n<li>\u00d6ffentlichkeitsarbeit und Marketing<\/li>\n<li>Gesundheits- und Schwimmlehre<\/li>\n<li>Planung und Durchf\u00fchrung von Aqua-Fitness-Kursen<\/li>\n<li>Unfallverh\u00fctungsma\u00dfnahmen, Sicherheitsregeln und Arbeitsschutz<\/li>\n<li>Erste-Hilfe und Wiederbelebungsma\u00dfnahmen<\/li>\n<li>Analyse und Einstellung der Badewasserwerte<\/li>\n<li>Technische Grundlagen und Pflege verschiedener Schwimmbadanlagen<\/li>\n<li>Organisation von B\u00e4dern, Rechts- und Verwaltungskunde f\u00fcr B\u00e4derbetriebe<\/li>\n<li>Einsatz von Desinfektions- und Reinigungsmittel<\/li>\n<\/ul>\n<p><strong>Dein Profil<\/strong><\/p>\n<ul>\n<li>positive Ausstrahlung und Begeisterungsf\u00e4higkeit<\/li>\n<li>Interesse und Spa\u00df an Sport und Bewegung<\/li>\n<li>Technisches Verst\u00e4ndnis<\/li>\n<li>Spa\u00df am Umgang mit Menschen und Freude an Teamarbeit<\/li>\n<\/ul>\n<p>\n    <\/div>[\/vc_column][\/vc_row][vc_row disable_element=&#8220;yes&#8220;][vc_column]    <div class=\"textblock\">Die Chiemsee Marina GmbH sucht f\u00fcr das PRIENAVERA Erlebnisbad mit Hallenbad, Sauna<br \/>\nund Strandbad zum <strong>01.02.2024<\/strong><\/p>\n<h2><strong>Rezeptionskraft (m\/w\/d) in Teilzeit\u00a0<\/strong><\/h2>\n<p><strong>Wir bieten Ihnen:\u00a0<\/strong><\/p>\n<ul>\n<li>faire und leistungsgerechte Verg\u00fctung<\/li>\n<li>30 Urlaubstage pro Jahr<\/li>\n<li>Beteiligung an Fahrtkosten<\/li>\n<li>Planbare Arbeitszeiten durch monatlichen Dienstplan<\/li>\n<li>die Mitarbeit in einem motivierten Team<\/li>\n<li>individuelle Einarbeitung<\/li>\n<li>betriebliche Altersvorsorge<\/li>\n<li>Ideale Verkehrsanbindung durch Zug-und Autobahnn\u00e4he<\/li>\n<li>Nutzung von hauseigenen Bade- und Saunaangeboten<\/li>\n<li>Beteiligung an diversen Fitness- und Freizeitangeboten \u00fcber Partnerunternehmen<\/li>\n<li>Beteiligung an Fahrrad-Leasing \u00fcber Partnerunternehmen<\/li>\n<li>einen Arbeitsplatz mit einzigartiger Lage direkt am Chiemsee-Ufer<\/li>\n<\/ul>\n<p><b>Ihre T\u00e4tigkeiten umfassen:<\/b><\/p>\n<ul>\n<li>den aktiven Verkauf der Produkte des Erlebnisbades<\/li>\n<li>Check-in und Check-out der G\u00e4ste mit Kassenverantwortung an der computergest\u00fctzten Kassenanlage<\/li>\n<li>die G\u00e4stebetreuung an der Rezeption<\/li>\n<li>die Mitwirkung bei Veranstaltungen<\/li>\n<li>Schicht, Wochenend- und Feiertagsdienst<\/li>\n<\/ul>\n<p><strong>Ihr Profil:<\/strong><\/p>\n<ul>\n<li>Abgeschlossene Berufsausbildung<\/li>\n<li>Berufserfahrung an Kasse, Empfang oder Rezeption w\u00fcnschenswert<\/li>\n<li>Kenntnisse in MS-Office Programmen<\/li>\n<li>Teamf\u00e4higkeit und Aufgeschlossenheit<\/li>\n<\/ul>\n<p><strong>Haben wir Ihr Interesse geweckt? Dann melden Sie sich gerne bei uns!\u00a0<\/strong><\/p>\n<p>Chiemsee Marina GmbH \u2013 PRIENAVERA Erlebnisbad<br \/>\nSeestra\u00dfe 120<br \/>\n83209 Prien am Chiemsee<\/p>\n<p>F\u00fcr Fragen stehen wir Ihnen gerne unter Tel. 08051 60957-0 oder info@chiemsee-marina.de<br \/>\nzur Verf\u00fcgung. <a href=\"http:\/\/www.prienavera.de\">www.prienavera.de<\/a>\n    <\/div>[\/vc_column][\/vc_row][vc_row disable_element=&#8220;yes&#8220;][vc_column]    <div class=\"textblock\">In Kooperation mit der Duale Hochschule in Ravensburg (DHBW) bieten wir zum<strong> 01.10.2024<\/strong> eine attraktive Ausbildung zum<\/p>\n<h2><strong>Bachelor of Arts (B.A.) \u2013 Freizeitwirtschaft (m\/w\/d)<\/strong><\/h2>\n<p>Im Rahmen Ihres dreij\u00e4hrigen Studiums erlernen Sie an der Dualen Hochschule in Ravensburg und in unseren Wassersportbetrieben, den theoretischen und praktischen Hintergrund f\u00fcr Ihren Beruf in der Freizeitwirtschaft.<\/p>\n<p>Die sechsmonatigen Theoriephase eines Studienjahres beinhaltet u. a. BWL mit Vertiefung im Bereich Freizeit, Wirtschaft, Marketing, Finanzen, Personal (Information unter www.dhbw-ravensburg.de). Die anschlie\u00dfende sechsmonatige Praxisphase vermittelt ihnen Wissen in Abteilungen wie z.B. Marketing, Verwaltung, Personal, Projektmanagement.<\/p>\n<p><strong>Ihre Qualifikation:<\/strong><\/p>\n<p>&#8211; allgemeine oder fachgebundene Hochschulreife<br \/>\n&#8211; EDV-Kenntnisse (MS-Office)<br \/>\n&#8211; sehr gute Deutschkenntnisse in Wort und Schrift<br \/>\n&#8211; serviceorientiert<br \/>\n&#8211; strukturiertes, sorgf\u00e4ltiges Arbeiten<br \/>\n&#8211; motiviertes selbst\u00e4ndiges arbeiten<br \/>\n&#8211; neugierig in einem Team zu arbeiten, das f\u00fcr den Kunden da ist\n    <\/div>[\/vc_column][\/vc_row][vc_row disable_element=&#8220;yes&#8220;][vc_column]    <div class=\"textblock\"><\/p>\n<h2>Hausmeister \/-techniker\/in (Vollzeit)<br \/>\nzur sofortigen Anstellung<\/h2>\n<p><u>Wir erwarten<\/u><\/p>\n<ul>\n<li>eine abgeschlossene Berufsausbildung im handwerklichen Bereich<br \/>\n(ein Berufsabschluss oder eine Zusatzqualifikation in einem elektrotechnischen oder anlagentechnischen Beruf ist von Vorteil)<\/li>\n<li>vielseitige handwerkliche und technische F\u00e4higkeiten<\/li>\n<li>F\u00fchrerscheinklasse BE<\/li>\n<li>Bereitschaft zur \u00dcbernahme von Bereitschaftsdienst<\/li>\n<li>Dienst auch an Wochenenden und Feiertagen<\/li>\n<li>ein dienstleistungsorientiertes Auftreten<\/li>\n<\/ul>\n<p><u>Wir bieten Ihnen<\/u><\/p>\n<ul>\n<li>eine interessante, abwechslungsreiche T\u00e4tigkeit<\/li>\n<li>flexible Arbeitszeiten<\/li>\n<li>Fortbildungsm\u00f6glichkeiten zum Erwerb b\u00e4derspezifischer Kenntnisse<\/li>\n<li>leistungsgerechte Verg\u00fctung<\/li>\n<li>ein unbefristetes Arbeitsverh\u00e4ltnis<\/li>\n<\/ul>\n<p>\n    <\/div>[\/vc_column][\/vc_row][vc_row disable_element=&#8220;yes&#8220;][vc_column]    <div class=\"textblock\"><\/p>\n<h2><strong>Hafenmeister (m\/w\/d)<\/strong> in Vollzeit\/Teilzeit<\/h2>\n<p><u>Ihre T\u00e4tigkeiten umfassen<\/u><\/p>\n<ul>\n<li>Boote rangieren und ein- bzw. auswassern<\/li>\n<li>Arbeit mit Maschinen wie Kran, Radlader oder Stapler<\/li>\n<li>Pflege- und kleinere Reparaturarbeiten an unseren Anlagen<\/li>\n<li>Erfassung und Abrechnung von Leistungen<\/li>\n<\/ul>\n<p><u>Wir erwarten<\/u><\/p>\n<ul>\n<li>selbst\u00e4ndiges, strukturiertes Arbeiten<\/li>\n<li>Bereitschaft zu Arbeit an Wochenenden und Feiertagen<\/li>\n<li>Grundkenntnisse in MS-Office<\/li>\n<\/ul>\n<p><u>Wir bieten Ihnen<\/u><\/p>\n<ul>\n<li>einen Arbeitsplatz direkt am Chiemsee-Ufer<\/li>\n<li>eine abwechslungsreiche T\u00e4tigkeit<\/li>\n<li>Schulung und Einarbeitung in anfallende Arbeiten<\/li>\n<li>Spa\u00df an der Arbeit in unserem Team und mit unseren Kunden<\/li>\n<\/ul>\n<p>\n    <\/div>[\/vc_column][\/vc_row][vc_row][vc_column css=&#8220;.vc_custom_1712817821820{background-color: #c6c6c6 !important;}&#8220;]    <div class=\"textblock\">Haben wir Ihr Interesse geweckt? Dann melden Sie sich gerne bei uns!<\/p>\n<p><strong>Chiemsee Marina GmbH &#8211; Prienavera Erlebnisbad<\/strong><\/p>\n<p>Seestra\u00dfe 120<\/p>\n<p>83209 Prien<\/p>\n<p>info@chiemsee-marina.de\n    <\/div>[\/vc_column][\/vc_row]<\/p>\n","protected":false},"excerpt":{"rendered":"<p>[vc_row][vc_column][vc_row_inner][vc_column_inner][\/vc_column_inner][\/vc_row_inner][\/vc_column][\/vc_row][vc_row][vc_column][\/vc_column][\/vc_row][vc_row disable_element=&#8220;yes&#8220;][vc_column css=&#8220;.vc_custom_1664370086523{background-color: #c4e7fb !important;}&#8220;][\/vc_column][\/vc_row][vc_row][vc_column css=&#8220;.vc_custom_1747832177339{background-color: #c4e7fb !important;}&#8220;][\/vc_column][\/vc_row][vc_row disable_element=&#8220;yes&#8220;][vc_column css=&#8220;.vc_custom_1712817730209{background-color: #c4e7fb !important;}&#8220;][\/vc_column][\/vc_row][vc_row disable_element=&#8220;yes&#8220;][vc_column][\/vc_column][\/vc_row][vc_row][vc_column][\/vc_column][\/vc_row][vc_row disable_element=&#8220;yes&#8220;][vc_column][\/vc_column][\/vc_row][vc_row disable_element=&#8220;yes&#8220;][vc_column][\/vc_column][\/vc_row][vc_row disable_element=&#8220;yes&#8220;][vc_column][\/vc_column][\/vc_row][vc_row disable_element=&#8220;yes&#8220;][vc_column][\/vc_column][\/vc_row][vc_row][vc_column css=&#8220;.vc_custom_1712817821820{background-color: #c6c6c6 !important;}&#8220;][\/vc_column][\/vc_row]<\/p>\n","protected":false},"author":15,"featured_media":0,"parent":0,"menu_order":0,"comment_status":"closed","ping_status":"closed","template":"","meta":{"footnotes":""},"class_list":["post-56","page","type-page","status-publish","hentry"],"_links":{"self":[{"href":"https:\/\/www.prienavera.de\/de\/wp-json\/wp\/v2\/pages\/56\/"}],"collection":[{"href":"https:\/\/www.prienavera.de\/de\/wp-json\/wp\/v2\/pages\/"}],"about":[{"href":"https:\/\/www.prienavera.de\/de\/wp-json\/wp\/v2\/types\/page\/"}],"author":[{"embeddable":true,"href":"https:\/\/www.prienavera.de\/de\/wp-json\/wp\/v2\/users\/15\/"}],"replies":[{"embeddable":true,"href":"https:\/\/www.prienavera.de\/de\/wp-json\/wp\/v2\/comments\/?post=56"}],"version-history":[{"count":142,"href":"https:\/\/www.prienavera.de\/de\/wp-json\/wp\/v2\/pages\/56\/revisions\/"}],"predecessor-version":[{"id":3120,"href":"https:\/\/www.prienavera.de\/de\/wp-json\/wp\/v2\/pages\/56\/revisions\/3120\/"}],"wp:attachment":[{"href":"https:\/\/www.prienavera.de\/de\/wp-json\/wp\/v2\/media\/?parent=56"}],"curies":[{"name":"wp","href":"https:\/\/api.w.org\/{rel}","templated":true}]}}