{"id":23,"date":"2019-03-08T14:08:52","date_gmt":"2019-03-08T13:08:52","guid":{"rendered":"https:\/\/www.prienavera.de\/?page_id=23"},"modified":"2019-06-24T13:24:50","modified_gmt":"2019-06-24T11:24:50","slug":"infos","status":"publish","type":"page","link":"https:\/\/www.prienavera.de\/de\/infos\/","title":{"rendered":"Infos"},"content":{"rendered":"<p>[vc_row][vc_column]\n    <section class=\"cards\">            <h2 class=\"cards__title\">Preise und \u00d6ffnungszeiten <\/h2>        <section class=\"cards__container\">    <div class=\"cards__item cards__item--one full-color-overlay--primary\">        <div class=\"cards__item-content\">\n            <h3 class=\"cards__item-content-title\">Preise<\/h3>\n            <p class=\"cards__item-content-text\"><\/p>                <a href=\"https:\/\/www.prienavera.de\/de\/preise\/\" class=\"buttonprimary\">MEHR INFOS<\/a>        <\/div>\n    <\/div>    <div class=\"cards__item cards__item--two\">            <div class=\"gradient-overlay--black\"><\/div>\n            <img decoding=\"async\" src=\"https:\/\/www.prienavera.de\/wp-content\/uploads\/2019\/04\/wasser-schwimmbecken.jpg\" class=\"cards__item-image\" alt=\"\">        <div class=\"cards__item-content\">\n            <h3 class=\"cards__item-content-title\">\u00d6ffnungszeiten<\/h3>\n            <p class=\"cards__item-content-text\"><\/p>                <a href=\"https:\/\/www.prienavera.de\/de\/oeffnungszeiten\/\" class=\"buttonprimary\">MEHR INFOS<\/a>        <\/div>\n    <\/div>        <\/section>\n    <\/section>[\/vc_column][\/vc_row][vc_row][vc_column]    <div class=\"textblock\"><\/p>\n<h1><span style=\"color: #003889;\">Informationen<\/span><\/h1>\n<h2>PRIENAVERA Fundb\u00fcro<\/h2>\n<p>Sie vermissen etwas seit Ihrem letzten Besuch bei uns?<br \/>\nGelegentlich verbleiben Gegenst\u00e4nde im PRIENAVERA, die ihre Besitzer verloren haben. Wir m\u00f6chten, dass Sie verlorene oder vergessene Sachen so schnell wie m\u00f6glich wieder bekommen.<\/p>\n<p>Wenn Sie etwas vermissen, k\u00f6nnen Sie uns unter Tel. +49 8051 60957-0 erreichen oder schicken Sie uns eine E-Mail: info@prienavera.de<\/p>\n<p>Liegengebliebenes wird nach 3 Monaten an das Fundb\u00fcro beim Markt Prien abgegeben.\n    <\/div>[\/vc_column][\/vc_row]<\/p>\n","protected":false},"excerpt":{"rendered":"<p>[vc_row][vc_column][\/vc_column][\/vc_row][vc_row][vc_column][\/vc_column][\/vc_row]<\/p>\n","protected":false},"author":15,"featured_media":0,"parent":0,"menu_order":0,"comment_status":"closed","ping_status":"closed","template":"","meta":{"footnotes":""},"class_list":["post-23","page","type-page","status-publish","hentry"],"_links":{"self":[{"href":"https:\/\/www.prienavera.de\/de\/wp-json\/wp\/v2\/pages\/23\/"}],"collection":[{"href":"https:\/\/www.prienavera.de\/de\/wp-json\/wp\/v2\/pages\/"}],"about":[{"href":"https:\/\/www.prienavera.de\/de\/wp-json\/wp\/v2\/types\/page\/"}],"author":[{"embeddable":true,"href":"https:\/\/www.prienavera.de\/de\/wp-json\/wp\/v2\/users\/15\/"}],"replies":[{"embeddable":true,"href":"https:\/\/www.prienavera.de\/de\/wp-json\/wp\/v2\/comments\/?post=23"}],"version-history":[{"count":17,"href":"https:\/\/www.prienavera.de\/de\/wp-json\/wp\/v2\/pages\/23\/revisions\/"}],"predecessor-version":[{"id":1265,"href":"https:\/\/www.prienavera.de\/de\/wp-json\/wp\/v2\/pages\/23\/revisions\/1265\/"}],"wp:attachment":[{"href":"https:\/\/www.prienavera.de\/de\/wp-json\/wp\/v2\/media\/?parent=23"}],"curies":[{"name":"wp","href":"https:\/\/api.w.org\/{rel}","templated":true}]}}