{"id":21,"date":"2019-03-08T14:08:27","date_gmt":"2019-03-08T13:08:27","guid":{"rendered":"https:\/\/www.prienavera.de\/?page_id=21"},"modified":"2024-09-26T14:47:50","modified_gmt":"2024-09-26T12:47:50","slug":"familien","status":"publish","type":"page","link":"https:\/\/www.prienavera.de\/de\/familien\/","title":{"rendered":"Familien"},"content":{"rendered":"<p>[vc_row][vc_column]\n    <div class=\"swiper-container\">\n        <div class=\"swiper-wrapper\">    <div class=\"swiper-slide\">\n        <div class=\"gradient-overlay--primary\"><\/div>\n        <img decoding=\"async\" src=\"https:\/\/www.prienavera.de\/wp-content\/uploads\/2019\/03\/hero-slider-temp.jpg\" srcset=\"https:\/\/www.prienavera.de\/wp-content\/uploads\/2019\/03\/hero-slider-temp.jpg 1760w, https:\/\/www.prienavera.de\/wp-content\/uploads\/2019\/03\/hero-slider-temp-300x136.jpg 300w, https:\/\/www.prienavera.de\/wp-content\/uploads\/2019\/03\/hero-slider-temp-768x349.jpg 768w, https:\/\/www.prienavera.de\/wp-content\/uploads\/2019\/03\/hero-slider-temp-1024x465.jpg 1024w,https:\/\/www.prienavera.de\/wp-content\/uploads\/2019\/03\/hero-slider-temp.jpg 1760w, https:\/\/www.prienavera.de\/wp-content\/uploads\/2019\/03\/hero-slider-temp-300x136.jpg 300w, https:\/\/www.prienavera.de\/wp-content\/uploads\/2019\/03\/hero-slider-temp-768x349.jpg 768w, https:\/\/www.prienavera.de\/wp-content\/uploads\/2019\/03\/hero-slider-temp-1024x465.jpg 1024w,https:\/\/www.prienavera.de\/wp-content\/uploads\/2019\/03\/hero-slider-temp.jpg 1760w, https:\/\/www.prienavera.de\/wp-content\/uploads\/2019\/03\/hero-slider-temp-300x136.jpg 300w, https:\/\/www.prienavera.de\/wp-content\/uploads\/2019\/03\/hero-slider-temp-768x349.jpg 768w, https:\/\/www.prienavera.de\/wp-content\/uploads\/2019\/03\/hero-slider-temp-1024x465.jpg 1024w\"\n                                    sizes=\"(max-width: 320px) 280px,\n                                           (max-width: 800px) 440px,\n                                           1600px\"\n                                    src=\"https:\/\/www.prienavera.de\/wp-content\/uploads\/2019\/03\/hero-slider-temp.jpg 1760w, https:\/\/www.prienavera.de\/wp-content\/uploads\/2019\/03\/hero-slider-temp-300x136.jpg 300w, https:\/\/www.prienavera.de\/wp-content\/uploads\/2019\/03\/hero-slider-temp-768x349.jpg 768w, https:\/\/www.prienavera.de\/wp-content\/uploads\/2019\/03\/hero-slider-temp-1024x465.jpg 1024w\" class=\"swiper-slide__image\" alt=\"\">\n        \n        <div class=\"swiper-slide__container\">\n            <h1 class=\"swiper-slide__title color-overlay--white\">Freizeitspa\u00df f\u00fcr Gro\u00df und Klein<\/h1>        <\/div>\n    <\/div>    <div class=\"swiper-slide\">\n        <div class=\"gradient-overlay--primary\"><\/div>\n        <img decoding=\"async\" src=\"https:\/\/www.prienavera.de\/wp-content\/uploads\/2021\/01\/familie-kinderbecken.jpg\" srcset=\"https:\/\/www.prienavera.de\/wp-content\/uploads\/2021\/01\/familie-kinderbecken.jpg 1760w, https:\/\/www.prienavera.de\/wp-content\/uploads\/2021\/01\/familie-kinderbecken-300x136.jpg 300w, https:\/\/www.prienavera.de\/wp-content\/uploads\/2021\/01\/familie-kinderbecken-768x349.jpg 768w, https:\/\/www.prienavera.de\/wp-content\/uploads\/2021\/01\/familie-kinderbecken-1024x465.jpg 1024w,https:\/\/www.prienavera.de\/wp-content\/uploads\/2021\/01\/familie-kinderbecken.jpg 1760w, https:\/\/www.prienavera.de\/wp-content\/uploads\/2021\/01\/familie-kinderbecken-300x136.jpg 300w, https:\/\/www.prienavera.de\/wp-content\/uploads\/2021\/01\/familie-kinderbecken-768x349.jpg 768w, https:\/\/www.prienavera.de\/wp-content\/uploads\/2021\/01\/familie-kinderbecken-1024x465.jpg 1024w,https:\/\/www.prienavera.de\/wp-content\/uploads\/2021\/01\/familie-kinderbecken.jpg 1760w, https:\/\/www.prienavera.de\/wp-content\/uploads\/2021\/01\/familie-kinderbecken-300x136.jpg 300w, https:\/\/www.prienavera.de\/wp-content\/uploads\/2021\/01\/familie-kinderbecken-768x349.jpg 768w, https:\/\/www.prienavera.de\/wp-content\/uploads\/2021\/01\/familie-kinderbecken-1024x465.jpg 1024w\"\n                                    sizes=\"(max-width: 320px) 280px,\n                                           (max-width: 800px) 440px,\n                                           1600px\"\n                                    src=\"https:\/\/www.prienavera.de\/wp-content\/uploads\/2021\/01\/familie-kinderbecken.jpg 1760w, https:\/\/www.prienavera.de\/wp-content\/uploads\/2021\/01\/familie-kinderbecken-300x136.jpg 300w, https:\/\/www.prienavera.de\/wp-content\/uploads\/2021\/01\/familie-kinderbecken-768x349.jpg 768w, https:\/\/www.prienavera.de\/wp-content\/uploads\/2021\/01\/familie-kinderbecken-1024x465.jpg 1024w\" class=\"swiper-slide__image\" alt=\"\">\n        \n        <div class=\"swiper-slide__container\">\n            <h1 class=\"swiper-slide__title color-overlay--white\"><\/h1>        <\/div>\n    <\/div>        <\/div>            <div class=\"swiper-pagination\"><\/div>\n            <div class=\"slider-prev full-color-overlay--primary\"><i class=\"fal fa-angle-left fa-2x\"><\/i><\/div>\n            <div class=\"slider-next full-color-overlay--primary\"><i class=\"fal fa-angle-right fa-2x\"><\/i><\/div>    <\/div>[\/vc_column][\/vc_row][vc_row css=&#8220;.vc_custom_1553262322580{margin-top: 30px !important;}&#8220;][vc_column]    <div class=\"textblock\"><\/p>\n<h1><span style=\"color: #003889;\">Ein Erlebnis f\u00fcr die ganze Familie im PRIENAVERA Erlebnisbad in Prien am Chiemsee<\/span><\/h1>\n<p>Das PRIENAVERA Erlebnisbad in Prien am Chiemsee ist die perfekte M\u00f6glichkeit ein Schwimmbad mit Kindern zu besuchen. Zwischen Rosenheim und Traunstein im PRIENAVERA am Chiemsee wartet auf die ganzen Familien abwechslungsreicher Badespa\u00df mit Str\u00f6mungskanal, Sprudeld\u00fcsen, Unterwasserliegen sowie Unterwassermassagen und Nackenduschen im Erlebnisbecken. Das macht das PRIENAVERA Erlebnisbad in Prien am Chiemsee vor allem im Umkreis sehr beliebt. So freuen wir uns immer wieder \u00fcber Familien aus Rosenheim und Traunstein, die den Tag im Schwimmbad mit den Kindern verbringen m\u00f6chten. Aber auch Familien mit l\u00e4ngeren Anfahrtszeiten kommen gerne f\u00fcr einen Besuch nach Prien am Chiemsee, oder legen im PRIENAVERA einen Tagesausflug ein, wenn sie die Region rund um Prien am Chiemsee in Bayern entdecken wollen.<\/p>\n<p><strong>F\u00fcr jeden etwas dabei im PRIENAVERA Erlebnisbad in Prien am Chiemsee<\/strong><\/p>\n<p>Im gro\u00dfz\u00fcgig gestalteten Erlebnis- und Familienbad am Chiemsee in Oberbayern gibt es Angebote f\u00fcr Jung und Alt. Ob rasant die 62 Meter R\u00f6hrenrutsche Daylight hinuntersausen, sich im Schwimmerbecken sportlich fordern oder bei einem Saunagang entspannen \u2013 im PRIENAVERA Erlebnisbad in Prien am Chiemsee ist f\u00fcr jeden etwas dabei. Beim Aufstieg zur Rutsche erleben die Kleinen au\u00dferdem einen einmaligen Blick auf den Chiemsee in Bayern und die Chiemgauer Berglandschaft. So sind Kinderlachen und strahlende Augen garantiert, ebenso wie sch\u00f6ne Momente im Erlebnis- und Familienbad am Chiemsee.<\/p>\n<p>Auch im \u201eTrockenen\u201c ist f\u00fcr das Familienvergn\u00fcgen gesorgt. Unser Kinderspielbereich im Erlebnis- und Familienbad in Prien am Chiemsee ist f\u00fcr die Kleinen genau das Richtige. Auf Gro\u00df und Klein warten im PRIENAVERA Strandbad viele Spiel- und Sportattraktionen und ein gro\u00dfer Spielplatz.<\/p>\n<p><strong>Im Bad finden das ganze Jahr Veranstaltungen statt, das Team hat sich f\u00fcr Sie viel einfallen lassen.<br \/>\n<a href=\"https:\/\/www.prienavera.de\/de\/veranstaltungen-kurse\/\">\u2794\u00a0Zu den Veranstaltungen<\/a><\/strong>\n    <\/div>[\/vc_column][\/vc_row][vc_row][vc_column]\n    <div class=\"content-slider swiper-container\">\n        <div class=\"swiper-wrapper\">    <div class=\"swiper-slide\">\n        <img decoding=\"async\" src=\"https:\/\/www.prienavera.de\/wp-content\/uploads\/2019\/03\/familien-prienavera-erlebnisbad.jpg\" class=\"swiper-slide__image\" alt=\"\">\n        <div class=\"swiper-slide__container\">\n            <h3 class=\"swiper-slide__title color-overlay--primary\"><\/h3>\n            <div class=\"slider-prev full-color-overlay--primary\"><i class=\"fal fa-angle-left fa-2x\"><\/i><\/div>\n            <div class=\"slider-next full-color-overlay--primary\"><i class=\"fal fa-angle-right fa-2x\"><\/i><\/div>\n        <\/div>\n    <\/div>    <div class=\"swiper-slide\">\n        <img decoding=\"async\" src=\"https:\/\/www.prienavera.de\/wp-content\/uploads\/2020\/05\/aufgang-wasserrutsche.jpg\" class=\"swiper-slide__image\" alt=\"\">\n        <div class=\"swiper-slide__container\">\n            <h3 class=\"swiper-slide__title color-overlay--primary\"><\/h3>\n            <div class=\"slider-prev full-color-overlay--primary\"><i class=\"fal fa-angle-left fa-2x\"><\/i><\/div>\n            <div class=\"slider-next full-color-overlay--primary\"><i class=\"fal fa-angle-right fa-2x\"><\/i><\/div>\n        <\/div>\n    <\/div>        <\/div>\n    <\/div>[\/vc_column][\/vc_row][vc_row disable_element=&#8220;yes&#8220; css=&#8220;.vc_custom_1600872026247{margin-top: 30px !important;}&#8220;][vc_column]    <div class=\"textblock\"><\/p>\n<h2>Happy Birthday!<br \/>\nGeburtstag feiern im PRIENAVERA Erlebnisbad<\/h2>\n<p><strong>Die Geburtstagsparty ist &#8230;<\/strong><\/p>\n<p>f\u00fcr Kinder von 6 bis 17 Jahre (Aufsichtspflicht haben die Eltern oder Begleitpersonen)\u00a0 von Montag bis Sonntag m\u00f6glich. Das Geburtstagskind bekommt freien Eintritt und ein \u00dcberraschungsgeschenk!<br \/>\nPreis fu\u0308r die Freunde des Geburtstagskindes: der jeweils regul\u00e4re Eintritt.<br \/>\nIn unserem Angebot f\u00fcr den Geburtstagstisch im Bistro k\u00f6nnen Sie aus 4 verschiedenen Men\u00fcs ausw\u00e4hlen (siehe Anmeldung).<br \/>\n5,90 \u20ac pro Men\u00fc<\/p>\n<p><a href=\"https:\/\/www.prienavera.de\/wp-content\/uploads\/2019\/04\/anmeldung-kindergeburtstag-prienavera-elebnisbad.pdf\" target=\"_blank\" rel=\"noopener noreferrer\">\u2794\u00a0Anmeldeformular<\/a>\n    <\/div>[\/vc_column][\/vc_row][vc_row][vc_column]    <div class=\"textblock\"><\/p>\n<h3>Strandbad in Prien am Chiemsee<\/h3>\n<p>Wasservergn\u00fcgen genie\u00dfen Sie in unserem Strandbad im PRIENAVERA Erlebnisbad in Prien am Chiemsee. Viele Spiel- und Sportattraktionen wie Tischtennis, Beachminton und ein gro\u00dfer Spielplatz sorgen f\u00fcr viel Abwechslung bei Gro\u00df und Klein. Strandcaf\u00e9 und Duschen\/WC d\u00fcrfen nat\u00fcrlich nicht fehlen.\u00a0Weitere Infos zum Strandbad gibt es\u00a0<a href=\"https:\/\/www.prienavera.de\/de\/bereiche\/strandbad\/\">\u2794\u00a0hier<\/a>\n    <\/div>[\/vc_column][\/vc_row][vc_row][vc_column]    <div class=\"textblock\"><\/p>\n<h3>Erlebnisbad f\u00fcr Gro\u00df &amp; Klein in Prien am Chiemsee<\/h3>\n<p>Ob Str\u00f6mungskanal, Sprudeld\u00fcsen auf Unterwasserliegen oder Unterwasser-Massagen und Nackenduschen im Erlebnisbecken \u2013 f\u00fcr jeden ist etwas geboten. W\u00e4hrend die Kids im Erlebnisbecken toben, k\u00f6nnen sich die Eltern beim Sportschwimmen auspowern oder mit einer Massage verw\u00f6hnen lassen. Weitere Informationen zum PRIENAVERA Erlebnisbad in Prien am Chiemsee finden Sie\u00a0<a href=\"https:\/\/www.prienavera.de\/de\/bereiche\/erlebnisbad\/\">\u2794 hier.<\/a>\n    <\/div>[\/vc_column][\/vc_row][vc_row][vc_column]    <div class=\"textblock\"><\/p>\n<h2><strong>Spezieller Kinderspielbereich auf der Galerie in Oberbayern<\/strong><\/h2>\n<p>Im \u201eTrockenen\u201c ist f\u00fcr das Familienvergn\u00fcgen ebenfalls gesorgt. Im Kinderspielbereich freuen sich die Kinder auf viele Holzspielsachen. Sie sehen, bei uns im Spa\u00dfbad k\u00f6nnen Sie den ganzen Tag hier verbringen und es wird nicht langweilig. Bringen Sie Ihre Brotzeit mit oder verk\u00f6stigen Sie sich in unserer Gastronomie, ganz wie Sie wollen.\n    <\/div>[\/vc_column][\/vc_row]<\/p>\n","protected":false},"excerpt":{"rendered":"<p>[vc_row][vc_column][\/vc_column][\/vc_row][vc_row css=&#8220;.vc_custom_1553262322580{margin-top: 30px !important;}&#8220;][vc_column][\/vc_column][\/vc_row][vc_row][vc_column][\/vc_column][\/vc_row][vc_row disable_element=&#8220;yes&#8220; css=&#8220;.vc_custom_1600872026247{margin-top: 30px !important;}&#8220;][vc_column][\/vc_column][\/vc_row][vc_row][vc_column][\/vc_column][\/vc_row][vc_row][vc_column][\/vc_column][\/vc_row][vc_row][vc_column][\/vc_column][\/vc_row]<\/p>\n","protected":false},"author":15,"featured_media":0,"parent":0,"menu_order":0,"comment_status":"closed","ping_status":"closed","template":"","meta":{"footnotes":""},"class_list":["post-21","page","type-page","status-publish","hentry"],"_links":{"self":[{"href":"https:\/\/www.prienavera.de\/de\/wp-json\/wp\/v2\/pages\/21\/"}],"collection":[{"href":"https:\/\/www.prienavera.de\/de\/wp-json\/wp\/v2\/pages\/"}],"about":[{"href":"https:\/\/www.prienavera.de\/de\/wp-json\/wp\/v2\/types\/page\/"}],"author":[{"embeddable":true,"href":"https:\/\/www.prienavera.de\/de\/wp-json\/wp\/v2\/users\/15\/"}],"replies":[{"embeddable":true,"href":"https:\/\/www.prienavera.de\/de\/wp-json\/wp\/v2\/comments\/?post=21"}],"version-history":[{"count":31,"href":"https:\/\/www.prienavera.de\/de\/wp-json\/wp\/v2\/pages\/21\/revisions\/"}],"predecessor-version":[{"id":3002,"href":"https:\/\/www.prienavera.de\/de\/wp-json\/wp\/v2\/pages\/21\/revisions\/3002\/"}],"wp:attachment":[{"href":"https:\/\/www.prienavera.de\/de\/wp-json\/wp\/v2\/media\/?parent=21"}],"curies":[{"name":"wp","href":"https:\/\/api.w.org\/{rel}","templated":true}]}}