{"id":17,"date":"2019-03-08T14:07:15","date_gmt":"2019-03-08T13:07:15","guid":{"rendered":"https:\/\/www.prienavera.de\/?page_id=17"},"modified":"2025-08-22T07:51:29","modified_gmt":"2025-08-22T05:51:29","slug":"strandbad","status":"publish","type":"page","link":"https:\/\/www.prienavera.de\/de\/bereiche\/strandbad\/","title":{"rendered":"Strandbad"},"content":{"rendered":"<p>[vc_row][vc_column]\n    <div class=\"swiper-container\">\n        <div class=\"swiper-wrapper\">    <div class=\"swiper-slide\">\n        <div class=\"gradient-overlay--quarternary\"><\/div>\n        <img decoding=\"async\" src=\"https:\/\/www.prienavera.de\/wp-content\/uploads\/2020\/05\/wasserspass-strandbad.jpg\" srcset=\"https:\/\/www.prienavera.de\/wp-content\/uploads\/2020\/05\/wasserspass-strandbad.jpg 1760w, https:\/\/www.prienavera.de\/wp-content\/uploads\/2020\/05\/wasserspass-strandbad-300x136.jpg 300w, https:\/\/www.prienavera.de\/wp-content\/uploads\/2020\/05\/wasserspass-strandbad-768x349.jpg 768w, https:\/\/www.prienavera.de\/wp-content\/uploads\/2020\/05\/wasserspass-strandbad-1024x465.jpg 1024w,https:\/\/www.prienavera.de\/wp-content\/uploads\/2020\/05\/wasserspass-strandbad.jpg 1760w, https:\/\/www.prienavera.de\/wp-content\/uploads\/2020\/05\/wasserspass-strandbad-300x136.jpg 300w, https:\/\/www.prienavera.de\/wp-content\/uploads\/2020\/05\/wasserspass-strandbad-768x349.jpg 768w, https:\/\/www.prienavera.de\/wp-content\/uploads\/2020\/05\/wasserspass-strandbad-1024x465.jpg 1024w,https:\/\/www.prienavera.de\/wp-content\/uploads\/2020\/05\/wasserspass-strandbad.jpg 1760w, https:\/\/www.prienavera.de\/wp-content\/uploads\/2020\/05\/wasserspass-strandbad-300x136.jpg 300w, https:\/\/www.prienavera.de\/wp-content\/uploads\/2020\/05\/wasserspass-strandbad-768x349.jpg 768w, https:\/\/www.prienavera.de\/wp-content\/uploads\/2020\/05\/wasserspass-strandbad-1024x465.jpg 1024w\"\n                                    sizes=\"(max-width: 320px) 280px,\n                                           (max-width: 800px) 440px,\n                                           1600px\"\n                                    src=\"https:\/\/www.prienavera.de\/wp-content\/uploads\/2020\/05\/wasserspass-strandbad.jpg 1760w, https:\/\/www.prienavera.de\/wp-content\/uploads\/2020\/05\/wasserspass-strandbad-300x136.jpg 300w, https:\/\/www.prienavera.de\/wp-content\/uploads\/2020\/05\/wasserspass-strandbad-768x349.jpg 768w, https:\/\/www.prienavera.de\/wp-content\/uploads\/2020\/05\/wasserspass-strandbad-1024x465.jpg 1024w\" class=\"swiper-slide__image\" alt=\"\">\n        \n        <div class=\"swiper-slide__container\">\n            <h1 class=\"swiper-slide__title color-overlay--white\">Abk\u00fchlen im Chiemsee<\/h1>        <\/div>\n    <\/div>    <div class=\"swiper-slide\">\n        <div class=\"gradient-overlay--quarternary\"><\/div>\n        <img decoding=\"async\" src=\"https:\/\/www.prienavera.de\/wp-content\/uploads\/2020\/05\/strandbad-von-oben.jpg\" srcset=\"https:\/\/www.prienavera.de\/wp-content\/uploads\/2020\/05\/strandbad-von-oben.jpg 1760w, https:\/\/www.prienavera.de\/wp-content\/uploads\/2020\/05\/strandbad-von-oben-300x136.jpg 300w, https:\/\/www.prienavera.de\/wp-content\/uploads\/2020\/05\/strandbad-von-oben-768x349.jpg 768w, https:\/\/www.prienavera.de\/wp-content\/uploads\/2020\/05\/strandbad-von-oben-1024x465.jpg 1024w,https:\/\/www.prienavera.de\/wp-content\/uploads\/2020\/05\/strandbad-von-oben.jpg 1760w, https:\/\/www.prienavera.de\/wp-content\/uploads\/2020\/05\/strandbad-von-oben-300x136.jpg 300w, https:\/\/www.prienavera.de\/wp-content\/uploads\/2020\/05\/strandbad-von-oben-768x349.jpg 768w, https:\/\/www.prienavera.de\/wp-content\/uploads\/2020\/05\/strandbad-von-oben-1024x465.jpg 1024w,https:\/\/www.prienavera.de\/wp-content\/uploads\/2020\/05\/strandbad-von-oben.jpg 1760w, https:\/\/www.prienavera.de\/wp-content\/uploads\/2020\/05\/strandbad-von-oben-300x136.jpg 300w, https:\/\/www.prienavera.de\/wp-content\/uploads\/2020\/05\/strandbad-von-oben-768x349.jpg 768w, https:\/\/www.prienavera.de\/wp-content\/uploads\/2020\/05\/strandbad-von-oben-1024x465.jpg 1024w\"\n                                    sizes=\"(max-width: 320px) 280px,\n                                           (max-width: 800px) 440px,\n                                           1600px\"\n                                    src=\"https:\/\/www.prienavera.de\/wp-content\/uploads\/2020\/05\/strandbad-von-oben.jpg 1760w, https:\/\/www.prienavera.de\/wp-content\/uploads\/2020\/05\/strandbad-von-oben-300x136.jpg 300w, https:\/\/www.prienavera.de\/wp-content\/uploads\/2020\/05\/strandbad-von-oben-768x349.jpg 768w, https:\/\/www.prienavera.de\/wp-content\/uploads\/2020\/05\/strandbad-von-oben-1024x465.jpg 1024w\" class=\"swiper-slide__image\" alt=\"\">\n        \n        <div class=\"swiper-slide__container\">\n            <h1 class=\"swiper-slide__title color-overlay--white\"><\/h1>        <\/div>\n    <\/div>        <\/div>            <div class=\"swiper-pagination\"><\/div>\n            <div class=\"slider-prev full-color-overlay--primary\"><i class=\"fal fa-angle-left fa-2x\"><\/i><\/div>\n            <div class=\"slider-next full-color-overlay--primary\"><i class=\"fal fa-angle-right fa-2x\"><\/i><\/div>    <\/div>[\/vc_column][\/vc_row][vc_row css=&#8220;.vc_custom_1553171528315{margin-top: 30px !important;margin-bottom: 0px !important;}&#8220;][vc_column]    <div class=\"textblock\"><\/p>\n<h1><span style=\"color: #003889;\">PRIENAVERA Strandbad in Prien am Chiemsee<\/span><\/h1>\n<h2>Badespa\u00df am Chiemsee in Bayern<\/h2>\n<p>Von Mai bis September \u00f6ffnet das PRIENAVERA Strandbad direkt am Chiemsee seine T\u00fcren. Vor beeindruckender Alpenkulisse und mit Blick auf die Herreninsel geht es hier zur Erfrischung in den Chiemsee, und zum Entspannen auf die gro\u00dfz\u00fcgige Liegewiese.<\/p>\n<p>Aktive toben sich bei Spiel- und Sportattraktionen wie <strong>Beachminton oder Volleyball<\/strong> aus und die kleinen G\u00e4ste freuen sich \u00fcber den gro\u00dfen <strong>Spielplatz mit Rutsche &amp; Co.<\/strong> Kulinarisch verw\u00f6hnt das PRIENAVERA Bistro in Prien am Chiemsee vom erfrischenden Eis bis hin zum knackigen Salat. Im Sommer genie\u00dfen die Strandbad Besucher die Leckereien auch auf der<strong> Seeterrasse <\/strong>mit Aussicht auf das \u201eBayerische Meer\u201c.<\/p>\n<p><strong>Ge\u00f6ffnet von Mai bis September bei sch\u00f6nem Wetter<\/strong><br \/>\n<strong>Eintritt f\u00fcr Kinder und Erwachsene je 3,00 \u20ac<\/strong>\n    <\/div>[\/vc_column][\/vc_row][vc_row css=&#8220;.vc_custom_1553171659119{padding-top: 0px !important;padding-bottom: 0px !important;}&#8220;][vc_column css=&#8220;.vc_custom_1553171641287{padding-top: 0px !important;padding-bottom: 0px !important;}&#8220;]\n    <section class=\"text-and-slider\">\n        <div class=\"text-and-slider__item text-and-slider__item--text full-color-overlay--quarternary\">\n            <div class=\"text-and-slider__item-content\">\n                <h3 class=\"text-and-slider__item-content-title\"><\/h3>\n                <p class=\"text-and-slider__item-content-text\"><\/p>\n<h2>Auf einen Blick:<\/h2>\n<ul>\n<li>Warmwasserduschen<\/li>\n<li>Umkleidekabinen \/ Toiletten \/ Wickelraum<\/li>\n<li>behindertengerechtes WC \/ Floating-Beach-Rollst\u00fchle<\/li>\n<li>Kinderspielplatz<\/li>\n<li>Gro\u00dfe sonnengesch\u00fctzte Fl\u00e4che durch ein Sonnensegel<\/li>\n<li>Beachminton und Volleyball<\/li>\n<li>Strandcaf\u00e9<\/li>\n<li>Steg mit Sprungbrett<\/li>\n<li>Schattige Liegepl\u00e4tze unter B\u00e4umen<\/li>\n<\/ul>\n<p><\/p>\n            <\/div>\n        <\/div>\n        <div class=\"text-and-slider__item\">\n            <div class=\"swiper-container\">\n                <div class=\"swiper-wrapper\">                        <div class=\"swiper-slide\">\n                            <img decoding=\"async\" src=\"https:\/\/www.prienavera.de\/wp-content\/uploads\/2021\/09\/wasserball-600x600-c-default.jpg\" class=\"swiper-slide__image\" alt=\"\">\n                        <\/div>                        <div class=\"swiper-slide\">\n                            <img decoding=\"async\" src=\"https:\/\/www.prienavera.de\/wp-content\/uploads\/2020\/05\/eisessen-600x600-c-default.jpg\" class=\"swiper-slide__image\" alt=\"\">\n                        <\/div>                        <div class=\"swiper-slide\">\n                            <img decoding=\"async\" src=\"https:\/\/www.prienavera.de\/wp-content\/uploads\/2021\/09\/familie-liegewiese-600x600-c-default.jpg\" class=\"swiper-slide__image\" alt=\"\">\n                        <\/div>                        <div class=\"swiper-slide\">\n                            <img decoding=\"async\" src=\"https:\/\/www.prienavera.de\/wp-content\/uploads\/2020\/05\/familie-600x600-c-default.jpg\" class=\"swiper-slide__image\" alt=\"\">\n                        <\/div>                <\/div>\n                <div class=\"slider-prev full-color-overlay--quarternary\"><i class=\"fal fa-angle-left fa-2x\"><\/i><\/div>\n                <div class=\"slider-next full-color-overlay--quarternary\"><i class=\"fal fa-angle-right fa-2x\"><\/i><\/div>\n            <\/div>\n        <\/div>[\/vc_column][\/vc_row][vc_row css=&#8220;.vc_custom_1553171528315{margin-top: 30px !important;margin-bottom: 0px !important;}&#8220;][vc_column]    <div class=\"textblock\"><\/p>\n<h2><strong>Auch f\u00fcr Familien ideal \u2013 in der N\u00e4he von Rosenheim<\/strong><\/h2>\n<p>Auch Familien mit Kindern f\u00fchlen sich im PRIENAVERA Strand- und Familienbad in Prien am Chiemsee wohl, aufgehoben und sicher. Der seichte Einstieg in das Seeschwimmbad ist ideal f\u00fcr die Kleinsten. Der Spielplatz ist ein echtes Highlight f\u00fcr die Kinder und rundet das kinderfreundliche Angebot in Prien am Chiemsee ab.\n    <\/div>[\/vc_column][\/vc_row][vc_row css=&#8220;.vc_custom_1553171659119{padding-top: 0px !important;padding-bottom: 0px !important;}&#8220;][vc_column css=&#8220;.vc_custom_1553171641287{padding-top: 0px !important;padding-bottom: 0px !important;}&#8220;]\n    <section class=\"text-and-slider\">\n        <div class=\"text-and-slider__item text-and-slider__item--text full-color-overlay--quarternary\">\n            <div class=\"text-and-slider__item-content\">\n                <h3 class=\"text-and-slider__item-content-title\"><\/h3>\n                <p class=\"text-and-slider__item-content-text\"><\/p>\n<h2>Spiel und Spa\u00df f\u00fcr Kinder<\/h2>\n<ul>\n<li>Sprungbrett<\/li>\n<li>Abenteuerspielplatz<\/li>\n<li>Sandspielbereich mit Sonnensegel<\/li>\n<li>2 Beach-Volleyballfelder<\/li>\n<li>Beachminton<\/li>\n<li>Fu\u00dfballtore<\/li>\n<\/ul>\n<p><\/p>\n            <\/div>\n        <\/div>\n        <div class=\"text-and-slider__item\">\n            <div class=\"swiper-container\">\n                <div class=\"swiper-wrapper\">                        <div class=\"swiper-slide\">\n                            <img decoding=\"async\" src=\"https:\/\/www.prienavera.de\/wp-content\/uploads\/2021\/09\/sprung-ins-wasser-600x600-c-default.jpg\" class=\"swiper-slide__image\" alt=\"\">\n                        <\/div>                        <div class=\"swiper-slide\">\n                            <img decoding=\"async\" src=\"https:\/\/www.prienavera.de\/wp-content\/uploads\/2019\/03\/spass-fuer-kinder-spielplatz-im-prienavera-strandbad-600x600-c-default.jpg\" class=\"swiper-slide__image\" alt=\"\">\n                        <\/div>                        <div class=\"swiper-slide\">\n                            <img decoding=\"async\" src=\"https:\/\/www.prienavera.de\/wp-content\/uploads\/2019\/03\/kinderspielplatz-im-strandbad-600x600-c-default.jpg\" class=\"swiper-slide__image\" alt=\"\">\n                        <\/div>                <\/div>\n                <div class=\"slider-prev full-color-overlay--quarternary\"><i class=\"fal fa-angle-left fa-2x\"><\/i><\/div>\n                <div class=\"slider-next full-color-overlay--quarternary\"><i class=\"fal fa-angle-right fa-2x\"><\/i><\/div>\n            <\/div>\n        <\/div>[\/vc_column][\/vc_row]<\/p>\n","protected":false},"excerpt":{"rendered":"<p>[vc_row][vc_column][\/vc_column][\/vc_row][vc_row css=&#8220;.vc_custom_1553171528315{margin-top: 30px !important;margin-bottom: 0px !important;}&#8220;][vc_column][\/vc_column][\/vc_row][vc_row css=&#8220;.vc_custom_1553171659119{padding-top: 0px !important;padding-bottom: 0px !important;}&#8220;][vc_column css=&#8220;.vc_custom_1553171641287{padding-top: 0px !important;padding-bottom: 0px !important;}&#8220;][\/vc_column][\/vc_row][vc_row css=&#8220;.vc_custom_1553171528315{margin-top: 30px !important;margin-bottom: 0px !important;}&#8220;][vc_column][\/vc_column][\/vc_row][vc_row css=&#8220;.vc_custom_1553171659119{padding-top: 0px !important;padding-bottom: 0px !important;}&#8220;][vc_column css=&#8220;.vc_custom_1553171641287{padding-top: 0px !important;padding-bottom: 0px !important;}&#8220;][\/vc_column][\/vc_row]<\/p>\n","protected":false},"author":15,"featured_media":0,"parent":13,"menu_order":0,"comment_status":"closed","ping_status":"closed","template":"","meta":{"footnotes":""},"class_list":["post-17","page","type-page","status-publish","hentry"],"_links":{"self":[{"href":"https:\/\/www.prienavera.de\/de\/wp-json\/wp\/v2\/pages\/17\/"}],"collection":[{"href":"https:\/\/www.prienavera.de\/de\/wp-json\/wp\/v2\/pages\/"}],"about":[{"href":"https:\/\/www.prienavera.de\/de\/wp-json\/wp\/v2\/types\/page\/"}],"author":[{"embeddable":true,"href":"https:\/\/www.prienavera.de\/de\/wp-json\/wp\/v2\/users\/15\/"}],"replies":[{"embeddable":true,"href":"https:\/\/www.prienavera.de\/de\/wp-json\/wp\/v2\/comments\/?post=17"}],"version-history":[{"count":42,"href":"https:\/\/www.prienavera.de\/de\/wp-json\/wp\/v2\/pages\/17\/revisions\/"}],"predecessor-version":[{"id":3062,"href":"https:\/\/www.prienavera.de\/de\/wp-json\/wp\/v2\/pages\/17\/revisions\/3062\/"}],"up":[{"embeddable":true,"href":"https:\/\/www.prienavera.de\/de\/wp-json\/wp\/v2\/pages\/13\/"}],"wp:attachment":[{"href":"https:\/\/www.prienavera.de\/de\/wp-json\/wp\/v2\/media\/?parent=17"}],"curies":[{"name":"wp","href":"https:\/\/api.w.org\/{rel}","templated":true}]}}