{"id":15,"date":"2019-03-08T14:06:51","date_gmt":"2019-03-08T13:06:51","guid":{"rendered":"https:\/\/www.prienavera.de\/?page_id=15"},"modified":"2024-09-26T14:45:46","modified_gmt":"2024-09-26T12:45:46","slug":"erlebnisbad","status":"publish","type":"page","link":"https:\/\/www.prienavera.de\/de\/bereiche\/erlebnisbad\/","title":{"rendered":"Erlebnisbad"},"content":{"rendered":"<p>[vc_row][vc_column]\n    <div class=\"swiper-container\">\n        <div class=\"swiper-wrapper\">    <div class=\"swiper-slide\">\n        <div class=\"gradient-overlay--primary\"><\/div>\n        <img decoding=\"async\" src=\"https:\/\/www.prienavera.de\/wp-content\/uploads\/2020\/05\/paerchen-whirlpool-1.jpg\" srcset=\"https:\/\/www.prienavera.de\/wp-content\/uploads\/2020\/05\/paerchen-whirlpool-1.jpg 1760w, https:\/\/www.prienavera.de\/wp-content\/uploads\/2020\/05\/paerchen-whirlpool-1-300x136.jpg 300w, https:\/\/www.prienavera.de\/wp-content\/uploads\/2020\/05\/paerchen-whirlpool-1-768x349.jpg 768w, https:\/\/www.prienavera.de\/wp-content\/uploads\/2020\/05\/paerchen-whirlpool-1-1024x465.jpg 1024w,https:\/\/www.prienavera.de\/wp-content\/uploads\/2020\/05\/paerchen-whirlpool-1.jpg 1760w, https:\/\/www.prienavera.de\/wp-content\/uploads\/2020\/05\/paerchen-whirlpool-1-300x136.jpg 300w, https:\/\/www.prienavera.de\/wp-content\/uploads\/2020\/05\/paerchen-whirlpool-1-768x349.jpg 768w, https:\/\/www.prienavera.de\/wp-content\/uploads\/2020\/05\/paerchen-whirlpool-1-1024x465.jpg 1024w,https:\/\/www.prienavera.de\/wp-content\/uploads\/2020\/05\/paerchen-whirlpool-1.jpg 1760w, https:\/\/www.prienavera.de\/wp-content\/uploads\/2020\/05\/paerchen-whirlpool-1-300x136.jpg 300w, https:\/\/www.prienavera.de\/wp-content\/uploads\/2020\/05\/paerchen-whirlpool-1-768x349.jpg 768w, https:\/\/www.prienavera.de\/wp-content\/uploads\/2020\/05\/paerchen-whirlpool-1-1024x465.jpg 1024w\"\n                                    sizes=\"(max-width: 320px) 280px,\n                                           (max-width: 800px) 440px,\n                                           1600px\"\n                                    src=\"https:\/\/www.prienavera.de\/wp-content\/uploads\/2020\/05\/paerchen-whirlpool-1.jpg 1760w, https:\/\/www.prienavera.de\/wp-content\/uploads\/2020\/05\/paerchen-whirlpool-1-300x136.jpg 300w, https:\/\/www.prienavera.de\/wp-content\/uploads\/2020\/05\/paerchen-whirlpool-1-768x349.jpg 768w, https:\/\/www.prienavera.de\/wp-content\/uploads\/2020\/05\/paerchen-whirlpool-1-1024x465.jpg 1024w\" class=\"swiper-slide__image\" alt=\"\">\n        \n        <div class=\"swiper-slide__container\">\n            <h1 class=\"swiper-slide__title color-overlay--white\">Im Erlebnisbad mit Salzsteinsauna und Ruheraum genie\u00dfen Sie einen abwechslungsreichen Badetag.<\/h1>        <\/div>\n    <\/div>    <div class=\"swiper-slide\">\n        <div class=\"gradient-overlay--primary\"><\/div>\n        <img decoding=\"async\" src=\"https:\/\/www.prienavera.de\/wp-content\/uploads\/2021\/01\/luftaufnahme-erlebnisbad.jpg\" srcset=\"https:\/\/www.prienavera.de\/wp-content\/uploads\/2021\/01\/luftaufnahme-erlebnisbad.jpg 1760w, https:\/\/www.prienavera.de\/wp-content\/uploads\/2021\/01\/luftaufnahme-erlebnisbad-300x136.jpg 300w, https:\/\/www.prienavera.de\/wp-content\/uploads\/2021\/01\/luftaufnahme-erlebnisbad-768x349.jpg 768w, https:\/\/www.prienavera.de\/wp-content\/uploads\/2021\/01\/luftaufnahme-erlebnisbad-1024x465.jpg 1024w,https:\/\/www.prienavera.de\/wp-content\/uploads\/2021\/01\/luftaufnahme-erlebnisbad.jpg 1760w, https:\/\/www.prienavera.de\/wp-content\/uploads\/2021\/01\/luftaufnahme-erlebnisbad-300x136.jpg 300w, https:\/\/www.prienavera.de\/wp-content\/uploads\/2021\/01\/luftaufnahme-erlebnisbad-768x349.jpg 768w, https:\/\/www.prienavera.de\/wp-content\/uploads\/2021\/01\/luftaufnahme-erlebnisbad-1024x465.jpg 1024w,https:\/\/www.prienavera.de\/wp-content\/uploads\/2021\/01\/luftaufnahme-erlebnisbad.jpg 1760w, https:\/\/www.prienavera.de\/wp-content\/uploads\/2021\/01\/luftaufnahme-erlebnisbad-300x136.jpg 300w, https:\/\/www.prienavera.de\/wp-content\/uploads\/2021\/01\/luftaufnahme-erlebnisbad-768x349.jpg 768w, https:\/\/www.prienavera.de\/wp-content\/uploads\/2021\/01\/luftaufnahme-erlebnisbad-1024x465.jpg 1024w\"\n                                    sizes=\"(max-width: 320px) 280px,\n                                           (max-width: 800px) 440px,\n                                           1600px\"\n                                    src=\"https:\/\/www.prienavera.de\/wp-content\/uploads\/2021\/01\/luftaufnahme-erlebnisbad.jpg 1760w, https:\/\/www.prienavera.de\/wp-content\/uploads\/2021\/01\/luftaufnahme-erlebnisbad-300x136.jpg 300w, https:\/\/www.prienavera.de\/wp-content\/uploads\/2021\/01\/luftaufnahme-erlebnisbad-768x349.jpg 768w, https:\/\/www.prienavera.de\/wp-content\/uploads\/2021\/01\/luftaufnahme-erlebnisbad-1024x465.jpg 1024w\" class=\"swiper-slide__image\" alt=\"\">\n        \n        <div class=\"swiper-slide__container\">\n            <h1 class=\"swiper-slide__title color-overlay--white\"><\/h1>        <\/div>\n    <\/div>        <\/div>            <div class=\"swiper-pagination\"><\/div>\n            <div class=\"slider-prev full-color-overlay--primary\"><i class=\"fal fa-angle-left fa-2x\"><\/i><\/div>\n            <div class=\"slider-next full-color-overlay--primary\"><i class=\"fal fa-angle-right fa-2x\"><\/i><\/div>    <\/div>[\/vc_column][\/vc_row][vc_row css=&#8220;.vc_custom_1553175945543{margin-top: 30px !important;}&#8220;][vc_column]    <div class=\"textblock\"><\/p>\n<h1 style=\"text-align: left;\"><span style=\"color: #003889;\"><strong>Das Erlebnisbad in Prien am Chiemsee<\/strong><\/span><\/h1>\n<p>Ob zum Relaxen, als Familienausflug oder sportlich unterwegs \u2013 das PRIENAVERA Erlebnisbad in Prien am Chiemsee h\u00e4lt mit seinen insgesamt f\u00fcnf Becken, im Badeintritt inkludierten Salzsteinsauna und Ruheraum sowohl im Sommer als auch im Winter allerlei M\u00f6glichkeiten f\u00fcr einen abwechslungsreichen Badetag in Oberbayern in der N\u00e4he von Rosenheim bereit.<\/p>\n<p>Im Erlebnisbecken samt Str\u00f6mungskanal k\u00f6nnen Sie allein oder mit Kindern einen aufregenden Tag genie\u00dfen. Der Spa\u00df ist hier vorprogrammiert und macht den Tag im PRIENAVERA Erlebnis- und Freizeitbad in Prien am Chiemsee mit Sicherheit unvergesslich! Auch f\u00fcr die kleinen Besucher haben wir ein gro\u00dfartiges Angebot. Neben dem Erlebnisbecken finden Sie im PRIENAVERA in Prien am Chiemsee auch ein Kleinkinderbecken. So k\u00f6nnen selbst unsere kleinsten Besucher einen aufregenden Tag im Spa\u00dfbad PRIENAVERA erleben.<\/p>\n<p>Kommen Sie im Whirlpool mit Farblichtspielen zur Ruhe. Genie\u00dfen Sie die entspannende Massage der D\u00fcsen, lassen Sie sich von den Farbspielen beeindrucken und runden Sie Ihren Besuch im PRIENAVERA Erlebnis- und Freizeitbad in Prien am Chiemsee ab.<\/p>\n<p>Vor allem das 34 Grad Celsius warme Au\u00dfenbecken am Chiemsee ist einen Besuch wert! W\u00e4hrend Sie die Zeit im warmen Wasser verbringen, k\u00f6nnen Sie den Ausblick auf den Chiemsee mit Bergkulisse genie\u00dfen. Das Au\u00dfenbecken am Chiemsee bietet Ihnen eine atemberaubende Sicht auf das Schloss Herrenchiemsee.<\/p>\n<p>F\u00fcr die sportlichen Besucher bietet das PRIENAVERA Erlebnis- und Freizeitbad in Prien am Chiemsee ein 25 Meter langes Schwimmerbecken. Hier k\u00f6nnen Sie in Ruhe Ihre Bahnen ziehen.<\/p>\n<p>Zum Entspannen laden der im Badeintritt inkludierte Zugang zu unserem K\u00f6nig-Ludwig-Salzraum, dem Ruheraum und Saunagarten ein.\n    <\/div>[\/vc_column][\/vc_row][vc_row][vc_column]\n    <section class=\"text-and-slider\">\n        <div class=\"text-and-slider__item text-and-slider__item--text full-color-overlay--primary\">\n            <div class=\"text-and-slider__item-content\">\n                <h3 class=\"text-and-slider__item-content-title\"><\/h3>\n                <p class=\"text-and-slider__item-content-text\"><\/p>\n<h2>Unsere Becken und Angebote im PRIENAVERA Erlebnis- und Freizeitbad in Prien am Chiemsee auf einen Blick:<\/h2>\n<ul>\n<li>Erlebnisbecken mit Str\u00f6mungskanal: 30\u00b0<\/li>\n<li>Whirlpool mit Farblichtspielen: 34\u00b0<\/li>\n<li>Warmes Au\u00dfenbecken am Chiemsee mit freiem Blick auf das Schloss Herrenchiemsee: 33\u00b0<\/li>\n<li>25 Meter langes Schwimmerbecken: 27\u00b0<\/li>\n<li>Kleinkinderbecken: 31\u00b0<\/li>\n<li>62 Meter lange Daylight-R\u00f6hrenrutsche<\/li>\n<li>Solarium &amp; Collagen AntiAging-Kabine<\/li>\n<li>brainLight Massagesessel<\/li>\n<li>Relaxliegen auf der Galerie<\/li>\n<li>K\u00f6nig-Ludwig-Salzraum<\/li>\n<li>Ruheraum<\/li>\n<li>Saunagarten<\/li>\n<li>Gastronomie<\/li>\n<\/ul>\n<p><\/p>\n            <\/div>\n        <\/div>\n        <div class=\"text-and-slider__item\">\n            <div class=\"swiper-container\">\n                <div class=\"swiper-wrapper\">                        <div class=\"swiper-slide\">\n                            <img decoding=\"async\" src=\"https:\/\/www.prienavera.de\/wp-content\/uploads\/2020\/05\/sprung-kinderbecken-3-600x600-c-default.jpg\" class=\"swiper-slide__image\" alt=\"\">\n                        <\/div>                        <div class=\"swiper-slide\">\n                            <img decoding=\"async\" src=\"https:\/\/www.prienavera.de\/wp-content\/uploads\/2019\/03\/erlebnisbecken-familie-1-600x600-c-default.jpg\" class=\"swiper-slide__image\" alt=\"\">\n                        <\/div>                        <div class=\"swiper-slide\">\n                            <img decoding=\"async\" src=\"https:\/\/www.prienavera.de\/wp-content\/uploads\/2019\/03\/aqua-fitness-600x600-c-default.jpg\" class=\"swiper-slide__image\" alt=\"\">\n                        <\/div>                        <div class=\"swiper-slide\">\n                            <img decoding=\"async\" src=\"https:\/\/www.prienavera.de\/wp-content\/uploads\/2019\/03\/erlebnisbecken-familie1-1-600x600-c-default.jpg\" class=\"swiper-slide__image\" alt=\"\">\n                        <\/div>                <\/div>\n                <div class=\"slider-prev full-color-overlay--primary\"><i class=\"fal fa-angle-left fa-2x\"><\/i><\/div>\n                <div class=\"slider-next full-color-overlay--primary\"><i class=\"fal fa-angle-right fa-2x\"><\/i><\/div>\n            <\/div>\n        <\/div>[\/vc_column][\/vc_row][vc_row][vc_column]    <div class=\"textblock\"><\/p>\n<h2>Au\u00dfenbecken in Prien am Chiemsee mit einzigartigem Blick<\/h2>\n<p>Sommer wie Winter erleben Sie im 34 Grad warmen Au\u00dfenbecken in Prien am Chiemsee mit Massaged\u00fcsen und Unterwasserliegen eine entspannte Atmosph\u00e4re. Genie\u00dfen Sie von hier aus den Blick auf den Chiemsee, Schloss Herrenchiemsee und das beeindruckende Alpenpanorama.<br \/>\nIm Sommer k\u00f6nnen Sie die Sonne auch rund um das Au\u00dfenbecken am Chiemsee in Oberbayern genie\u00dfen, denn wir stellen Ihnen Liegen zur Verf\u00fcgung.\n    <\/div>[\/vc_column][\/vc_row][vc_row][vc_column]\n    <div class=\"content-slider swiper-container\">\n        <div class=\"swiper-wrapper\">    <div class=\"swiper-slide\">\n        <img decoding=\"async\" src=\"https:\/\/www.prienavera.de\/wp-content\/uploads\/2021\/01\/frau-aussenbecken.jpg\" class=\"swiper-slide__image\" alt=\"\">\n        <div class=\"swiper-slide__container\">\n            <h3 class=\"swiper-slide__title color-overlay--primary\">Au\u00dfenbecken<\/h3>\n            <div class=\"slider-prev full-color-overlay--primary\"><i class=\"fal fa-angle-left fa-2x\"><\/i><\/div>\n            <div class=\"slider-next full-color-overlay--primary\"><i class=\"fal fa-angle-right fa-2x\"><\/i><\/div>\n        <\/div>\n    <\/div>    <div class=\"swiper-slide\">\n        <img decoding=\"async\" src=\"https:\/\/www.prienavera.de\/wp-content\/uploads\/2019\/03\/aussenbecken.jpg\" class=\"swiper-slide__image\" alt=\"\">\n        <div class=\"swiper-slide__container\">\n            <h3 class=\"swiper-slide__title color-overlay--primary\">Au\u00dfenbecken<\/h3>\n            <div class=\"slider-prev full-color-overlay--primary\"><i class=\"fal fa-angle-left fa-2x\"><\/i><\/div>\n            <div class=\"slider-next full-color-overlay--primary\"><i class=\"fal fa-angle-right fa-2x\"><\/i><\/div>\n        <\/div>\n    <\/div>        <\/div>\n    <\/div>[\/vc_column][\/vc_row][vc_row css=&#8220;.vc_custom_1553175945543{margin-top: 30px !important;}&#8220;][vc_column]    <div class=\"textblock\"><\/p>\n<h2>Sportschwimmbecken im Hallenbad am Chiemsee<\/h2>\n<p>Als einziges Hallenbad am Chiemsee mit einem so gro\u00dfen Schwimmerbecken, freuen wir uns besonders, auch die Sportler unter Ihnen begr\u00fc\u00dfen zu d\u00fcrfen.<br \/>\nHier finden Sie:<\/p>\n<ul>\n<li>25 Meter Schwimmerbecken mit vier Bahnen und Schnellschwimmerbahn<\/li>\n<li>Vier Startbl\u00f6cke<\/li>\n<\/ul>\n<p>\n    <\/div>[\/vc_column][\/vc_row][vc_row][vc_column]\n    <div class=\"content-slider swiper-container\">\n        <div class=\"swiper-wrapper\">    <div class=\"swiper-slide\">\n        <img decoding=\"async\" src=\"https:\/\/www.prienavera.de\/wp-content\/uploads\/2020\/05\/schwimmer.jpg\" class=\"swiper-slide__image\" alt=\"\">\n        <div class=\"swiper-slide__container\">\n            <h3 class=\"swiper-slide__title color-overlay--primary\">Auspowern<\/h3>\n            <div class=\"slider-prev full-color-overlay--primary\"><i class=\"fal fa-angle-left fa-2x\"><\/i><\/div>\n            <div class=\"slider-next full-color-overlay--primary\"><i class=\"fal fa-angle-right fa-2x\"><\/i><\/div>\n        <\/div>\n    <\/div>    <div class=\"swiper-slide\">\n        <img decoding=\"async\" src=\"https:\/\/www.prienavera.de\/wp-content\/uploads\/2019\/03\/schwimmerbecken-prienavera.jpg\" class=\"swiper-slide__image\" alt=\"\">\n        <div class=\"swiper-slide__container\">\n            <h3 class=\"swiper-slide__title color-overlay--primary\">... auf 25 Metern<\/h3>\n            <div class=\"slider-prev full-color-overlay--primary\"><i class=\"fal fa-angle-left fa-2x\"><\/i><\/div>\n            <div class=\"slider-next full-color-overlay--primary\"><i class=\"fal fa-angle-right fa-2x\"><\/i><\/div>\n        <\/div>\n    <\/div>        <\/div>\n    <\/div>[\/vc_column][\/vc_row][vc_row css=&#8220;.vc_custom_1553175945543{margin-top: 30px !important;}&#8220;][vc_column]    <div class=\"textblock\"><\/p>\n<h2><strong>Weitere Becken und Attraktionen im<\/strong> PRIENAVERA Erlebnisbad in Prien am Chiemsee<\/h2>\n<p>Ein Spa\u00df f\u00fcr die ganze Familie, das versprechen wir Ihnen. F\u00fcr alle Altersgruppen ist etwas geboten:<\/p>\n<ul>\n<li>Erlebnisbecken mit Str\u00f6mungskanal<\/li>\n<li>Kleinkinderbecken mit eigenem Bereich<\/li>\n<li>62 Meter R\u00f6hrenrutsche Daylight<\/li>\n<li>Whirlpool<\/li>\n<\/ul>\n<p>\n    <\/div>[\/vc_column][\/vc_row][vc_row][vc_column]\n    <div class=\"content-slider swiper-container\">\n        <div class=\"swiper-wrapper\">    <div class=\"swiper-slide\">\n        <img decoding=\"async\" src=\"https:\/\/www.prienavera.de\/wp-content\/uploads\/2020\/05\/stromungskanal.jpg\" class=\"swiper-slide__image\" alt=\"\">\n        <div class=\"swiper-slide__container\">\n            <h3 class=\"swiper-slide__title color-overlay--primary\">Im Str\u00f6mungskanal treiben lassen...<\/h3>\n            <div class=\"slider-prev full-color-overlay--primary\"><i class=\"fal fa-angle-left fa-2x\"><\/i><\/div>\n            <div class=\"slider-next full-color-overlay--primary\"><i class=\"fal fa-angle-right fa-2x\"><\/i><\/div>\n        <\/div>\n    <\/div>    <div class=\"swiper-slide\">\n        <img decoding=\"async\" src=\"https:\/\/www.prienavera.de\/wp-content\/uploads\/2020\/05\/aufgang-wasserrutsche.jpg\" class=\"swiper-slide__image\" alt=\"\">\n        <div class=\"swiper-slide__container\">\n            <h3 class=\"swiper-slide__title color-overlay--primary\">Rutschvergn\u00fcgen auf der 62 Meter R\u00f6hrenrutsche Daylight<\/h3>\n            <div class=\"slider-prev full-color-overlay--primary\"><i class=\"fal fa-angle-left fa-2x\"><\/i><\/div>\n            <div class=\"slider-next full-color-overlay--primary\"><i class=\"fal fa-angle-right fa-2x\"><\/i><\/div>\n        <\/div>\n    <\/div>        <\/div>\n    <\/div>[\/vc_column][\/vc_row][vc_row css=&#8220;.vc_custom_1553175945543{margin-top: 30px !important;}&#8220;][vc_column]    <div class=\"textblock\"><\/p>\n<h2>Sauna und Ruheraum<\/h2>\n<p>Bei ihrem Besuch im PRIENAVERA Erlebnisbad k\u00f6nnen Sie den K\u00f6nig-Ludwig-Salzraum, unseren Ruhebereich sowie den Saunagarten ohne Aufpreis nutzen.<\/p>\n<p>Weitere Informationen finden Sie unter\u00a0<a href=\"https:\/\/www.prienavera.de\/de\/bereiche\/sauna\/\" target=\"_blank\" rel=\"noopener noreferrer\">Textil &#8211; Sauna<\/a>.\n    <\/div>    <div class=\"textblock\"><\/p>\n<h2><strong>Spezieller Kinderspielbereich auf der Galerie<br \/>\n<\/strong><\/h2>\n<p>Im \u201eTrockenen\u201c ist f\u00fcr das Familienvergn\u00fcgen ebenfalls gesorgt. Im Kinderspielbereich freuen sich die Kinder viele Holzspielsachen. Sie sehen, bei uns im Spa\u00dfbad k\u00f6nnen Sie den ganzen Tag hier verbringen und es wird nicht langweilig. Bringen Sie Ihre Brotzeit mit oder verk\u00f6stigen Sie sich in unserer Gastronomie Prien am Chiemsee, ganz wie Sie wollen. So einfach und stressfrei!\n    <\/div>    <div class=\"textblock\"><\/p>\n<h2>Relaxliegen \u2013 Ihr privater Ort im PRIENAVERA Erlebnisbad in Prien am Chiemsee<\/h2>\n<p>Entspannen Sie auf hochwertigen Relaxliegen in Muschel-Optik.<\/p>\n<p>Neben einen herrlichen Panoramablick auf das Schloss Herrenchiemsee und die Bergkette der Chiemgauer Alpen ist hier, im abgetrennten Bereich auf der Galerie im PRIENAVERA Erlebnisbad in Prien am Chiemsee, Ihre Privatsph\u00e4re garantiert. <a href=\"https:\/\/www.prienavera.de\/de\/preise\/\">Preise<\/a>\n    <\/div>\n    <div class=\"content-slider swiper-container\">\n        <div class=\"swiper-wrapper\">    <div class=\"swiper-slide\">\n        <img decoding=\"async\" src=\"https:\/\/www.prienavera.de\/wp-content\/uploads\/2020\/01\/relaxliegen-galerie.jpg\" class=\"swiper-slide__image\" alt=\"\">\n        <div class=\"swiper-slide__container\">\n            <h3 class=\"swiper-slide__title color-overlay--primary\"><\/h3>\n            <div class=\"slider-prev full-color-overlay--primary\"><i class=\"fal fa-angle-left fa-2x\"><\/i><\/div>\n            <div class=\"slider-next full-color-overlay--primary\"><i class=\"fal fa-angle-right fa-2x\"><\/i><\/div>\n        <\/div>\n    <\/div>    <div class=\"swiper-slide\">\n        <img decoding=\"async\" src=\"https:\/\/www.prienavera.de\/wp-content\/uploads\/2021\/01\/relaxliegen-galerie-2.jpg\" class=\"swiper-slide__image\" alt=\"\">\n        <div class=\"swiper-slide__container\">\n            <h3 class=\"swiper-slide__title color-overlay--primary\"><\/h3>\n            <div class=\"slider-prev full-color-overlay--primary\"><i class=\"fal fa-angle-left fa-2x\"><\/i><\/div>\n            <div class=\"slider-next full-color-overlay--primary\"><i class=\"fal fa-angle-right fa-2x\"><\/i><\/div>\n        <\/div>\n    <\/div>        <\/div>\n    <\/div>[\/vc_column][\/vc_row][vc_row css=&#8220;.vc_custom_1553175945543{margin-top: 30px !important;}&#8220;][vc_column]    <div class=\"textblock\"><\/p>\n<h2>Solarium am Chiemsee<\/h2>\n<p>Unser Solarium befindet sich auf der Galerie im Bad. Die Nutzung des Solariums erfolgt bargeldlos durch Aufbuchung auf Ihren Coin. Sie bezahlen Ihre Solariumnutzung beim Ausgang. (Nutzung ab 18 Jahren)<\/p>\n<h3>Preise<\/h3>\n<p>Collagen Anti-Aging Kabine 10 Minuten: 4,00 \u20ac<br \/>\nSolarium Inspiration 450-S Turbo Power 2 Minuten: 1,00 \u20ac<\/p>\n<h2>Gesund und sicher br\u00e4unen im Solarium am Chiemsee im PRIENAVERA Erlebnisbad<\/h2>\n<p>Neben Bade- und Saunaspa\u00df bietet das PRIENAVERA Erlebnisbad in Prien am Chiemsee ein Solarium der Marke ERGOLINE. G\u00f6nnen Sie sich eine kleine Auszeit im hektischen Alltag.<\/p>\n<p>Das Solarium am Chiemsee im PRIENAVERA wird regelm\u00e4\u00dfig durch den T\u00dcV ISO 9001-zertifizierten DORENA-Kundendienst gewartet und entsprechen den h\u00f6chsten Anforderungen an Sicherheit und Qualit\u00e4t \u2013 alles im Namen der Gesundheit und des Wohlbefindens unserer Besucher.<\/p>\n<p>Das Solarium in Prien am Chiemsee k\u00f6nnen alle Besucher ab 18 Jahren besuchen. Das PRIENAVERA-Team unterst\u00fctzt Sie f\u00fcr eine besonders schonende Br\u00e4unung gerne bei der Ermittlung Ihres Hauttyps und bei allen Fragen zum Benutzen der Ger\u00e4te.\n    <\/div>[\/vc_column][\/vc_row][vc_row css=&#8220;.vc_custom_1553175945543{margin-top: 30px !important;}&#8220;][vc_column]    <div class=\"textblock\"><\/p>\n<h2><strong>Veranstaltungen und Kurse f\u00fcr Jung und Alt<\/strong><\/h2>\n<p>Das ganze Jahr \u00fcber bietet das PRIENAVERA Erlebnisbad in Prien am Chiemsee verschiedene Veranstaltungen und Kurse an. Von Aqua-Fit und Senioren Fit \u00fcber Schnuppertauchen bis hin zum Meerjungfrauen-Schwimmkurs.<\/p>\n<p><a href=\"https:\/\/www.prienavera.de\/de\/veranstaltungen-kurse\/\">\u2794\u00a0Termine und weitere Informationen<\/a>\n    <\/div>[\/vc_column][\/vc_row][vc_row][vc_column]    <div class=\"textblock\"><\/p>\n<h2>Entdecke die Geheimnisse des PRIENAVERA Erlebnisbads &#8230;<\/h2>\n<p><iframe loading=\"lazy\" src=\"https:\/\/www.youtube-nocookie.com\/embed\/p4_QQiUMn2A\" width=\"560\" height=\"315\" frameborder=\"0\" allowfullscreen=\"allowfullscreen\"><\/iframe>\n    <\/div>[\/vc_column][\/vc_row]<\/p>\n","protected":false},"excerpt":{"rendered":"<p>[vc_row][vc_column][\/vc_column][\/vc_row][vc_row css=&#8220;.vc_custom_1553175945543{margin-top: 30px !important;}&#8220;][vc_column][\/vc_column][\/vc_row][vc_row][vc_column][\/vc_column][\/vc_row][vc_row][vc_column][\/vc_column][\/vc_row][vc_row][vc_column][\/vc_column][\/vc_row][vc_row css=&#8220;.vc_custom_1553175945543{margin-top: 30px !important;}&#8220;][vc_column][\/vc_column][\/vc_row][vc_row][vc_column][\/vc_column][\/vc_row][vc_row css=&#8220;.vc_custom_1553175945543{margin-top: 30px !important;}&#8220;][vc_column][\/vc_column][\/vc_row][vc_row][vc_column][\/vc_column][\/vc_row][vc_row css=&#8220;.vc_custom_1553175945543{margin-top: 30px !important;}&#8220;][vc_column][\/vc_column][\/vc_row][vc_row css=&#8220;.vc_custom_1553175945543{margin-top: 30px !important;}&#8220;][vc_column][\/vc_column][\/vc_row][vc_row css=&#8220;.vc_custom_1553175945543{margin-top: 30px !important;}&#8220;][vc_column][\/vc_column][\/vc_row][vc_row][vc_column][\/vc_column][\/vc_row]<\/p>\n","protected":false},"author":15,"featured_media":0,"parent":13,"menu_order":0,"comment_status":"closed","ping_status":"closed","template":"","meta":{"footnotes":""},"class_list":["post-15","page","type-page","status-publish","hentry"],"_links":{"self":[{"href":"https:\/\/www.prienavera.de\/de\/wp-json\/wp\/v2\/pages\/15\/"}],"collection":[{"href":"https:\/\/www.prienavera.de\/de\/wp-json\/wp\/v2\/pages\/"}],"about":[{"href":"https:\/\/www.prienavera.de\/de\/wp-json\/wp\/v2\/types\/page\/"}],"author":[{"embeddable":true,"href":"https:\/\/www.prienavera.de\/de\/wp-json\/wp\/v2\/users\/15\/"}],"replies":[{"embeddable":true,"href":"https:\/\/www.prienavera.de\/de\/wp-json\/wp\/v2\/comments\/?post=15"}],"version-history":[{"count":89,"href":"https:\/\/www.prienavera.de\/de\/wp-json\/wp\/v2\/pages\/15\/revisions\/"}],"predecessor-version":[{"id":3001,"href":"https:\/\/www.prienavera.de\/de\/wp-json\/wp\/v2\/pages\/15\/revisions\/3001\/"}],"up":[{"embeddable":true,"href":"https:\/\/www.prienavera.de\/de\/wp-json\/wp\/v2\/pages\/13\/"}],"wp:attachment":[{"href":"https:\/\/www.prienavera.de\/de\/wp-json\/wp\/v2\/media\/?parent=15"}],"curies":[{"name":"wp","href":"https:\/\/api.w.org\/{rel}","templated":true}]}}