{"id":13,"date":"2019-03-08T14:06:11","date_gmt":"2019-03-08T13:06:11","guid":{"rendered":"https:\/\/www.prienavera.de\/?page_id=13"},"modified":"2024-01-31T16:43:27","modified_gmt":"2024-01-31T15:43:27","slug":"bereiche","status":"publish","type":"page","link":"https:\/\/www.prienavera.de\/de\/bereiche\/","title":{"rendered":"Bereiche"},"content":{"rendered":"<p>[vc_row][vc_column]\n    <div class=\"content-slider swiper-container\">\n        <div class=\"swiper-wrapper\">    <div class=\"swiper-slide\">\n        <img decoding=\"async\" src=\"https:\/\/www.prienavera.de\/wp-content\/uploads\/2021\/01\/bereich-erlebnisbad.jpg\" class=\"swiper-slide__image\" alt=\"\">\n        <div class=\"swiper-slide__container\">\n            <h3 class=\"swiper-slide__title color-overlay--primary\"><\/h3>\n            <div class=\"slider-prev full-color-overlay--primary\"><i class=\"fal fa-angle-left fa-2x\"><\/i><\/div>\n            <div class=\"slider-next full-color-overlay--primary\"><i class=\"fal fa-angle-right fa-2x\"><\/i><\/div>\n        <\/div>\n    <\/div>    <div class=\"swiper-slide\">\n        <img decoding=\"async\" src=\"https:\/\/www.prienavera.de\/wp-content\/uploads\/2019\/03\/blockhaussauna.jpg\" class=\"swiper-slide__image\" alt=\"\">\n        <div class=\"swiper-slide__container\">\n            <h3 class=\"swiper-slide__title color-overlay--tertiary\"><\/h3>\n            <div class=\"slider-prev full-color-overlay--tertiary\"><i class=\"fal fa-angle-left fa-2x\"><\/i><\/div>\n            <div class=\"slider-next full-color-overlay--tertiary\"><i class=\"fal fa-angle-right fa-2x\"><\/i><\/div>\n        <\/div>\n    <\/div>    <div class=\"swiper-slide\">\n        <img decoding=\"async\" src=\"https:\/\/www.prienavera.de\/wp-content\/uploads\/2021\/01\/bereich-strandbad.jpg\" class=\"swiper-slide__image\" alt=\"\">\n        <div class=\"swiper-slide__container\">\n            <h3 class=\"swiper-slide__title color-overlay--quarternary\"><\/h3>\n            <div class=\"slider-prev full-color-overlay--quarternary\"><i class=\"fal fa-angle-left fa-2x\"><\/i><\/div>\n            <div class=\"slider-next full-color-overlay--quarternary\"><i class=\"fal fa-angle-right fa-2x\"><\/i><\/div>\n        <\/div>\n    <\/div>        <\/div>\n    <\/div>[\/vc_column][\/vc_row][vc_row][vc_column]    <div class=\"textblock\"><\/p>\n<h1 style=\"text-align: left;\"><span style=\"color: #003889;\">Bereiche im PRIENAVERA Erlebnisbad<\/span><\/h1>\n<p>\n    <\/div>[\/vc_column][\/vc_row][vc_row][vc_column]    <div class=\"textblock\">Direkt an der Uferpromenade des Chiemsees in Oberbayern gelegen, genie\u00dfen die Besucher im PRIENAVERA Erlebnisbad in Prien am Chiemsee neben der Entspannung in der Wasser- und Saunawelt den freien Blick auf das Schloss Herrenchiemsee in Bayern. Mit Strandbad, Erlebnisbecken, Whirlpool, R\u00f6hrenrutsche Daylight, Sprudelmassagen und Str\u00f6mungskanal freuen sich Gro\u00df &amp; Klein \u00fcber Wasserspa\u00df bei jeder Witterung in der N\u00e4he von Rosenheim. Dazu verw\u00f6hnt die vielseitige Saunalandschaft im PRIENAVERA Erlebnisbad in Prien am Chiemsee mit K\u00f6nig-Ludwig-Salzraum, Kelosauna aus rund 500 Jahre altem Kieferholz und der Saunagarten an der frischen Chiemseeluft. Ein besonderes Highlight ist au\u00dferdem die Panoramasauna direkt am Chiemseeufer.<\/p>\n<p>Egal ob Sie ein Erlebnis oder Erholung suchen \u2013 das PRIENAVERA Erlebnisbad in Prien am Chiemsee bietet das Beste von beiden Seiten. Spa\u00df und Entspannung f\u00fcr Gro\u00df und Klein zwischen Rosenheim und Traunstein.<\/p>\n<p>Das ganze Jahr bietet das PRIENAVERA Erlebnisbad in Prien am Chiemsee mit verschiedenen Thementagen sowie speziellen Kursen \u2013 von Aqua-Fitness bis hin zur Meerjungfrauen-Schwimmschule \u2013 ein abwechslungsreiches Programm im Familienbad am Chiemsee.\n    <\/div>\n    <section class=\"cards\">            <h2 class=\"cards__title\">einfach eintauchen...<\/h2>        <section class=\"cards__container\">    <div class=\"cards__item cards__item--one\">            <div class=\"gradient-overlay--black\"><\/div>\n            <img decoding=\"async\" src=\"https:\/\/www.prienavera.de\/wp-content\/uploads\/2021\/01\/erlebnisbad.jpg\" class=\"cards__item-image\" alt=\"\">        <div class=\"cards__item-content\">\n            <h3 class=\"cards__item-content-title\">Erlebnisbad Prien am Chiemsee<\/h3>\n            <p class=\"cards__item-content-text\"><\/p>                <a href=\"https:\/\/www.prienavera.de\/de\/bereiche\/erlebnisbad\/\" class=\"buttonprimary\">Mehr Infos<\/a>        <\/div>\n    <\/div>    <div class=\"cards__item cards__item--one\">            <div class=\"gradient-overlay--black\"><\/div>\n            <img decoding=\"async\" src=\"https:\/\/www.prienavera.de\/wp-content\/uploads\/2019\/03\/blockhaus-sauna.jpg\" class=\"cards__item-image\" alt=\"\">        <div class=\"cards__item-content\">\n            <h3 class=\"cards__item-content-title\">Sauna- und Wellnesslandschaft Prien am Chiemsee<\/h3>\n            <p class=\"cards__item-content-text\"><\/p>                <a href=\"https:\/\/www.prienavera.de\/de\/bereiche\/sauna\/\" class=\"buttontertiary\">Mehr Infos<\/a>        <\/div>\n    <\/div>    <div class=\"cards__item cards__item--one\">            <div class=\"gradient-overlay--black\"><\/div>\n            <img decoding=\"async\" src=\"https:\/\/www.prienavera.de\/wp-content\/uploads\/2021\/01\/strandbad.jpg\" class=\"cards__item-image\" alt=\"\">        <div class=\"cards__item-content\">\n            <h3 class=\"cards__item-content-title\">Strandbad Prien am Chiemsee<\/h3>\n            <p class=\"cards__item-content-text\"><\/p>                <a href=\"https:\/\/www.prienavera.de\/de\/bereiche\/strandbad\/\" class=\"buttonquarternary\">Mehr Infos<\/a>        <\/div>\n    <\/div>    <div class=\"cards__item cards__item--one\">            <div class=\"gradient-overlay--black\"><\/div>\n            <img decoding=\"async\" src=\"https:\/\/www.prienavera.de\/wp-content\/uploads\/2019\/04\/gastronomie-prienavera-1.jpg\" class=\"cards__item-image\" alt=\"\">        <div class=\"cards__item-content\">\n            <h3 class=\"cards__item-content-title\">Gastronomie<\/h3>\n            <p class=\"cards__item-content-text\"><\/p>                <a href=\"https:\/\/www.prienavera.de\/de\/gastronomie\/\" class=\"buttonlight-gray\">MEHR INFOS<\/a>        <\/div>\n    <\/div>        <\/section>\n    <\/section>[\/vc_column][\/vc_row]<\/p>\n","protected":false},"excerpt":{"rendered":"<p>[vc_row][vc_column][\/vc_column][\/vc_row][vc_row][vc_column][\/vc_column][\/vc_row][vc_row][vc_column][\/vc_column][\/vc_row]<\/p>\n","protected":false},"author":15,"featured_media":0,"parent":0,"menu_order":0,"comment_status":"closed","ping_status":"closed","template":"template-areas.php","meta":{"footnotes":""},"class_list":["post-13","page","type-page","status-publish","hentry"],"_links":{"self":[{"href":"https:\/\/www.prienavera.de\/de\/wp-json\/wp\/v2\/pages\/13\/"}],"collection":[{"href":"https:\/\/www.prienavera.de\/de\/wp-json\/wp\/v2\/pages\/"}],"about":[{"href":"https:\/\/www.prienavera.de\/de\/wp-json\/wp\/v2\/types\/page\/"}],"author":[{"embeddable":true,"href":"https:\/\/www.prienavera.de\/de\/wp-json\/wp\/v2\/users\/15\/"}],"replies":[{"embeddable":true,"href":"https:\/\/www.prienavera.de\/de\/wp-json\/wp\/v2\/comments\/?post=13"}],"version-history":[{"count":78,"href":"https:\/\/www.prienavera.de\/de\/wp-json\/wp\/v2\/pages\/13\/revisions\/"}],"predecessor-version":[{"id":2822,"href":"https:\/\/www.prienavera.de\/de\/wp-json\/wp\/v2\/pages\/13\/revisions\/2822\/"}],"wp:attachment":[{"href":"https:\/\/www.prienavera.de\/de\/wp-json\/wp\/v2\/media\/?parent=13"}],"curies":[{"name":"wp","href":"https:\/\/api.w.org\/{rel}","templated":true}]}}